{"id":5556,"date":"2023-07-08T17:16:50","date_gmt":"2023-07-08T15:16:50","guid":{"rendered":"https:\/\/www.delikatessen-nussbaumer.at\/?post_type=product&#038;p=5556"},"modified":"2023-07-08T17:22:40","modified_gmt":"2023-07-08T15:22:40","slug":"daidone-pistazien","status":"publish","type":"product","link":"https:\/\/www.delikatessen-nussbaumer.at\/?product=daidone-pistazien&lang=de","title":{"rendered":"Daidone &#8211; Pistazien"},"content":{"rendered":"<p><strong>N\u00e4hrwerte:<br \/>\n<\/strong>2632kj\/629kcal<br \/>\nFett 55g<br \/>\ndavon ges\u00e4ttigte Fetts\u00e4uren 6,6g<br \/>\nKohlenhydrate 5,2g<br \/>\ndavon Zucker 1,9g<br \/>\nEiwei\u00df 19,8g<br \/>\nSalz 0,01g<\/p>\n<p>&nbsp;<\/p>\n<p><strong>Zutaten:<br \/>\n<\/strong>Pistazien<\/p>\n","protected":false},"excerpt":{"rendered":"<p>N\u00e4hrwerte: 2632kj\/629kcal Fett 55g davon ges\u00e4ttigte Fetts\u00e4uren 6,6g Kohlenhydrate 5,2g davon Zucker 1,9g Eiwei\u00df 19,8g Salz 0,01g &nbsp; Zutaten: Pistazien<\/p>\n","protected":false},"featured_media":5560,"comment_status":"closed","ping_status":"closed","template":"","meta":[],"product_brand":[],"product_cat":[151],"product_tag":[],"class_list":{"0":"post-5556","1":"product","2":"type-product","3":"status-publish","4":"has-post-thumbnail","6":"product_cat-knabbergebaeck","8":"first","9":"instock","10":"taxable","11":"shipping-taxable","12":"purchasable","13":"product-type-simple"},"_links":{"self":[{"href":"https:\/\/www.delikatessen-nussbaumer.at\/index.php?rest_route=\/wp\/v2\/product\/5556","targetHints":{"allow":["GET"]}}],"collection":[{"href":"https:\/\/www.delikatessen-nussbaumer.at\/index.php?rest_route=\/wp\/v2\/product"}],"about":[{"href":"https:\/\/www.delikatessen-nussbaumer.at\/index.php?rest_route=\/wp\/v2\/types\/product"}],"replies":[{"embeddable":true,"href":"https:\/\/www.delikatessen-nussbaumer.at\/index.php?rest_route=%2Fwp%2Fv2%2Fcomments&post=5556"}],"version-history":[{"count":3,"href":"https:\/\/www.delikatessen-nussbaumer.at\/index.php?rest_route=\/wp\/v2\/product\/5556\/revisions"}],"predecessor-version":[{"id":5559,"href":"https:\/\/www.delikatessen-nussbaumer.at\/index.php?rest_route=\/wp\/v2\/product\/5556\/revisions\/5559"}],"wp:featuredmedia":[{"embeddable":true,"href":"https:\/\/www.delikatessen-nussbaumer.at\/index.php?rest_route=\/wp\/v2\/media\/5560"}],"wp:attachment":[{"href":"https:\/\/www.delikatessen-nussbaumer.at\/index.php?rest_route=%2Fwp%2Fv2%2Fmedia&parent=5556"}],"wp:term":[{"taxonomy":"product_brand","embeddable":true,"href":"https:\/\/www.delikatessen-nussbaumer.at\/index.php?rest_route=%2Fwp%2Fv2%2Fproduct_brand&post=5556"},{"taxonomy":"product_cat","embeddable":true,"href":"https:\/\/www.delikatessen-nussbaumer.at\/index.php?rest_route=%2Fwp%2Fv2%2Fproduct_cat&post=5556"},{"taxonomy":"product_tag","embeddable":true,"href":"https:\/\/www.delikatessen-nussbaumer.at\/index.php?rest_route=%2Fwp%2Fv2%2Fproduct_tag&post=5556"}],"curies":[{"name":"wp","href":"https:\/\/api.w.org\/{rel}","templated":true}]}}