{"id":5506,"date":"2023-07-08T15:35:04","date_gmt":"2023-07-08T13:35:04","guid":{"rendered":"https:\/\/www.delikatessen-nussbaumer.at\/?post_type=product&#038;p=5506"},"modified":"2024-04-17T12:22:54","modified_gmt":"2024-04-17T10:22:54","slug":"oliven-aufstrich","status":"publish","type":"product","link":"https:\/\/www.delikatessen-nussbaumer.at\/?product=oliven-aufstrich&lang=de","title":{"rendered":"Daidone &#8211; Aufstrich &#8211; Gr\u00fcne Oliven"},"content":{"rendered":"<p><strong>N\u00e4hrwerte:<br \/>\n<\/strong>1386kJ\/337kcal<br \/>\nFett 41,86g<br \/>\ndavon ges\u00e4ttigte Fetts\u00e4uren 5,52g<br \/>\nKohlenhydrate 3,7g<br \/>\ndavon Zucker 1,61g<br \/>\nEiwei\u00df 1,05g<br \/>\nSalz 1,85g<\/p>\n<p>&nbsp;<\/p>\n<p><strong>Zutaten:<br \/>\n<\/strong>Gr\u00fcne Oliven 65%<br \/>\nOliven \u00d6l<br \/>\nSonnenblumen\u00f6l<br \/>\nKnoblauch<br \/>\nSalz<strong><br \/>\n<\/strong><\/p>\n","protected":false},"excerpt":{"rendered":"<p>N\u00e4hrwerte: 1386kJ\/337kcal Fett 41,86g davon ges\u00e4ttigte Fetts\u00e4uren 5,52g Kohlenhydrate 3,7g davon Zucker 1,61g Eiwei\u00df 1,05g Salz 1,85g &nbsp; Zutaten: Gr\u00fcne Oliven 65% [&hellip;]<\/p>\n","protected":false},"featured_media":5509,"comment_status":"closed","ping_status":"closed","template":"","meta":[],"product_brand":[],"product_cat":[99],"product_tag":[],"class_list":{"0":"post-5506","1":"product","2":"type-product","3":"status-publish","4":"has-post-thumbnail","6":"product_cat-antipasti","8":"first","9":"outofstock","10":"taxable","11":"shipping-taxable","12":"purchasable","13":"product-type-simple"},"_links":{"self":[{"href":"https:\/\/www.delikatessen-nussbaumer.at\/index.php?rest_route=\/wp\/v2\/product\/5506","targetHints":{"allow":["GET"]}}],"collection":[{"href":"https:\/\/www.delikatessen-nussbaumer.at\/index.php?rest_route=\/wp\/v2\/product"}],"about":[{"href":"https:\/\/www.delikatessen-nussbaumer.at\/index.php?rest_route=\/wp\/v2\/types\/product"}],"replies":[{"embeddable":true,"href":"https:\/\/www.delikatessen-nussbaumer.at\/index.php?rest_route=%2Fwp%2Fv2%2Fcomments&post=5506"}],"version-history":[{"count":4,"href":"https:\/\/www.delikatessen-nussbaumer.at\/index.php?rest_route=\/wp\/v2\/product\/5506\/revisions"}],"predecessor-version":[{"id":5512,"href":"https:\/\/www.delikatessen-nussbaumer.at\/index.php?rest_route=\/wp\/v2\/product\/5506\/revisions\/5512"}],"wp:featuredmedia":[{"embeddable":true,"href":"https:\/\/www.delikatessen-nussbaumer.at\/index.php?rest_route=\/wp\/v2\/media\/5509"}],"wp:attachment":[{"href":"https:\/\/www.delikatessen-nussbaumer.at\/index.php?rest_route=%2Fwp%2Fv2%2Fmedia&parent=5506"}],"wp:term":[{"taxonomy":"product_brand","embeddable":true,"href":"https:\/\/www.delikatessen-nussbaumer.at\/index.php?rest_route=%2Fwp%2Fv2%2Fproduct_brand&post=5506"},{"taxonomy":"product_cat","embeddable":true,"href":"https:\/\/www.delikatessen-nussbaumer.at\/index.php?rest_route=%2Fwp%2Fv2%2Fproduct_cat&post=5506"},{"taxonomy":"product_tag","embeddable":true,"href":"https:\/\/www.delikatessen-nussbaumer.at\/index.php?rest_route=%2Fwp%2Fv2%2Fproduct_tag&post=5506"}],"curies":[{"name":"wp","href":"https:\/\/api.w.org\/{rel}","templated":true}]}}