{"id":5405,"date":"2023-03-24T14:36:12","date_gmt":"2023-03-24T13:36:12","guid":{"rendered":"https:\/\/www.delikatessen-nussbaumer.at\/?post_type=product&#038;p=5405"},"modified":"2025-04-05T13:14:30","modified_gmt":"2025-04-05T11:14:30","slug":"vacherin-fribourg-aop-moleson-200gm","status":"publish","type":"product","link":"https:\/\/www.delikatessen-nussbaumer.at\/?product=vacherin-fribourg-aop-moleson-200gm&lang=de","title":{"rendered":"Vacherin Fribourgeois AOP &#8211; 200gm"},"content":{"rendered":"<p><strong>N\u00e4hrwerte:<br \/>\n<\/strong>1629kj\/393kcal<br \/>\nFett: 33g, davon ges\u00e4ttigte Fetts\u00e4uren: 19g<br \/>\nKolenhydrate: 1g davon Zucker: 0,5g<br \/>\nEiwe\u00df: 24g<br \/>\nSalz: 1,8g<\/p>\n<p><strong>Zutaten:<\/strong><br \/>\nKuhmilch &#8211; Thermisiert<br \/>\nLab<br \/>\nKulturen<br \/>\nSalz<br \/>\nF.I.T: 45% ca<\/p>\n<div class=\"page\" title=\"Page 2\">\n<div class=\"layoutArea\">\n<div class=\"column\">\n<p>&nbsp;<\/p>\n<\/div>\n<\/div>\n<\/div>\n","protected":false},"excerpt":{"rendered":"<p>Feinschmecker lieben seine Cremigkeit und seinen leicht s\u00e4uerlichen Geschmack. Gepr\u00e4gt durch das reichhaltige Gras der Alpen und Weiden die Aromen entfalten sich vollst\u00e4ndig nach einer Reifezeit von 9-12 Wochen<\/p>\n","protected":false},"featured_media":5408,"comment_status":"open","ping_status":"closed","template":"","meta":[],"product_brand":[],"product_cat":[107,155],"product_tag":[],"class_list":{"0":"post-5405","1":"product","2":"type-product","3":"status-publish","4":"has-post-thumbnail","6":"product_cat-kaese","7":"product_cat-kuhmilchkaese","9":"first","10":"instock","11":"taxable","12":"shipping-taxable","13":"purchasable","14":"product-type-simple"},"_links":{"self":[{"href":"https:\/\/www.delikatessen-nussbaumer.at\/index.php?rest_route=\/wp\/v2\/product\/5405","targetHints":{"allow":["GET"]}}],"collection":[{"href":"https:\/\/www.delikatessen-nussbaumer.at\/index.php?rest_route=\/wp\/v2\/product"}],"about":[{"href":"https:\/\/www.delikatessen-nussbaumer.at\/index.php?rest_route=\/wp\/v2\/types\/product"}],"replies":[{"embeddable":true,"href":"https:\/\/www.delikatessen-nussbaumer.at\/index.php?rest_route=%2Fwp%2Fv2%2Fcomments&post=5405"}],"version-history":[{"count":4,"href":"https:\/\/www.delikatessen-nussbaumer.at\/index.php?rest_route=\/wp\/v2\/product\/5405\/revisions"}],"predecessor-version":[{"id":5410,"href":"https:\/\/www.delikatessen-nussbaumer.at\/index.php?rest_route=\/wp\/v2\/product\/5405\/revisions\/5410"}],"wp:featuredmedia":[{"embeddable":true,"href":"https:\/\/www.delikatessen-nussbaumer.at\/index.php?rest_route=\/wp\/v2\/media\/5408"}],"wp:attachment":[{"href":"https:\/\/www.delikatessen-nussbaumer.at\/index.php?rest_route=%2Fwp%2Fv2%2Fmedia&parent=5405"}],"wp:term":[{"taxonomy":"product_brand","embeddable":true,"href":"https:\/\/www.delikatessen-nussbaumer.at\/index.php?rest_route=%2Fwp%2Fv2%2Fproduct_brand&post=5405"},{"taxonomy":"product_cat","embeddable":true,"href":"https:\/\/www.delikatessen-nussbaumer.at\/index.php?rest_route=%2Fwp%2Fv2%2Fproduct_cat&post=5405"},{"taxonomy":"product_tag","embeddable":true,"href":"https:\/\/www.delikatessen-nussbaumer.at\/index.php?rest_route=%2Fwp%2Fv2%2Fproduct_tag&post=5405"}],"curies":[{"name":"wp","href":"https:\/\/api.w.org\/{rel}","templated":true}]}}