{"id":5399,"date":"2023-03-24T13:00:52","date_gmt":"2023-03-24T12:00:52","guid":{"rendered":"https:\/\/www.delikatessen-nussbaumer.at\/?post_type=product&#038;p=5399"},"modified":"2025-04-05T13:06:06","modified_gmt":"2025-04-05T11:06:06","slug":"moleson-cremeux-des-alpes-200gm","status":"publish","type":"product","link":"https:\/\/www.delikatessen-nussbaumer.at\/?product=moleson-cremeux-des-alpes-200gm&lang=de","title":{"rendered":"Mol\u00e9son Cr\u00e9meux des Alpes &#8211; 200gm"},"content":{"rendered":"<p><strong>N\u00e4hrwerte:<br \/>\n<\/strong>2005kj\/485kcal<br \/>\nFett: 40g, davon ges\u00e4ttigte Fetts\u00e4uren: 23g<br \/>\nKolenhydrate: 0,5g davon Zucker: 0,5g<br \/>\nEiwe\u00df: 20g<br \/>\nSalz: 1,3g<\/p>\n<p><strong>Zutaten:<\/strong><br \/>\nKuhmilch &#8211; Terminiert<br \/>\nSahne<br \/>\nLab<br \/>\nKulturen<br \/>\nSalz<br \/>\nF.I.T: 60% ca<\/p>\n<div class=\"page\" title=\"Page 2\">\n<div class=\"layoutArea\">\n<div class=\"column\">\n<p>&nbsp;<\/p>\n<\/div>\n<\/div>\n<\/div>\n","protected":false},"excerpt":{"rendered":"<p>Dieser Rahmk\u00e4se, wie die Schweizer ihn nennen, wird aus Bergmilch aus dem Kanton Freiburg hergestellt. Der Cr\u00e9meux des Alpes ist ein K\u00e4se mit Charakter, der herrlich lang im Mund bleibt und einen besonders cremigen und angenehmen Teig aufweist. 5 Monate gereift.<\/p>\n","protected":false},"featured_media":5401,"comment_status":"open","ping_status":"closed","template":"","meta":[],"product_brand":[],"product_cat":[107,155],"product_tag":[],"class_list":{"0":"post-5399","1":"product","2":"type-product","3":"status-publish","4":"has-post-thumbnail","6":"product_cat-kaese","7":"product_cat-kuhmilchkaese","9":"first","10":"instock","11":"taxable","12":"shipping-taxable","13":"purchasable","14":"product-type-simple"},"_links":{"self":[{"href":"https:\/\/www.delikatessen-nussbaumer.at\/index.php?rest_route=\/wp\/v2\/product\/5399","targetHints":{"allow":["GET"]}}],"collection":[{"href":"https:\/\/www.delikatessen-nussbaumer.at\/index.php?rest_route=\/wp\/v2\/product"}],"about":[{"href":"https:\/\/www.delikatessen-nussbaumer.at\/index.php?rest_route=\/wp\/v2\/types\/product"}],"replies":[{"embeddable":true,"href":"https:\/\/www.delikatessen-nussbaumer.at\/index.php?rest_route=%2Fwp%2Fv2%2Fcomments&post=5399"}],"version-history":[{"count":4,"href":"https:\/\/www.delikatessen-nussbaumer.at\/index.php?rest_route=\/wp\/v2\/product\/5399\/revisions"}],"predecessor-version":[{"id":5404,"href":"https:\/\/www.delikatessen-nussbaumer.at\/index.php?rest_route=\/wp\/v2\/product\/5399\/revisions\/5404"}],"wp:featuredmedia":[{"embeddable":true,"href":"https:\/\/www.delikatessen-nussbaumer.at\/index.php?rest_route=\/wp\/v2\/media\/5401"}],"wp:attachment":[{"href":"https:\/\/www.delikatessen-nussbaumer.at\/index.php?rest_route=%2Fwp%2Fv2%2Fmedia&parent=5399"}],"wp:term":[{"taxonomy":"product_brand","embeddable":true,"href":"https:\/\/www.delikatessen-nussbaumer.at\/index.php?rest_route=%2Fwp%2Fv2%2Fproduct_brand&post=5399"},{"taxonomy":"product_cat","embeddable":true,"href":"https:\/\/www.delikatessen-nussbaumer.at\/index.php?rest_route=%2Fwp%2Fv2%2Fproduct_cat&post=5399"},{"taxonomy":"product_tag","embeddable":true,"href":"https:\/\/www.delikatessen-nussbaumer.at\/index.php?rest_route=%2Fwp%2Fv2%2Fproduct_tag&post=5399"}],"curies":[{"name":"wp","href":"https:\/\/api.w.org\/{rel}","templated":true}]}}