{"id":5393,"date":"2023-03-24T12:45:11","date_gmt":"2023-03-24T11:45:11","guid":{"rendered":"https:\/\/www.delikatessen-nussbaumer.at\/?post_type=product&#038;p=5393"},"modified":"2025-04-14T00:14:53","modified_gmt":"2025-04-13T22:14:53","slug":"beaufortdete-200gm","status":"publish","type":"product","link":"https:\/\/www.delikatessen-nussbaumer.at\/?product=beaufortdete-200gm&lang=de","title":{"rendered":"Beaufortd&#8217;\u00e9t\u00e9 &#8211; 200gm"},"content":{"rendered":"<p><strong>N\u00e4hrwerte:<br \/>\n<\/strong>1644kj\/396kcal<br \/>\nFett: 32,2g, davon ges\u00e4ttigte Fetts\u00e4uren: 21,4g<br \/>\nKolenhydrate: 0,5g davon Zucker: 0,5g<br \/>\nEiwe\u00df: 26,6g<br \/>\nSalz: 1,1g<\/p>\n<p><strong>Zutaten:<\/strong><br \/>\nKuhmilch &#8211; Roh<br \/>\nMilchs\u00e4urebakterien<br \/>\nLab<br \/>\nSalz<br \/>\nF.I.T: 50% ca<\/p>\n<div class=\"page\" title=\"Page 2\">\n<div class=\"layoutArea\">\n<div class=\"column\">\n<p>&nbsp;<\/p>\n<\/div>\n<\/div>\n<\/div>\n","protected":false},"excerpt":{"rendered":"<p>Die Beaufort d&#8217;\u00e9t\u00e9 werden nur aus Grasmilch von Juni bis Oktober hergestellt und reifen mindestens 12 Monate. Vollmundiger, kr\u00e4ftiger Geschmack.<\/p>\n","protected":false},"featured_media":5395,"comment_status":"open","ping_status":"closed","template":"","meta":[],"product_brand":[],"product_cat":[107,155],"product_tag":[],"class_list":{"0":"post-5393","1":"product","2":"type-product","3":"status-publish","4":"has-post-thumbnail","6":"product_cat-kaese","7":"product_cat-kuhmilchkaese","9":"first","10":"instock","11":"taxable","12":"shipping-taxable","13":"purchasable","14":"product-type-simple"},"_links":{"self":[{"href":"https:\/\/www.delikatessen-nussbaumer.at\/index.php?rest_route=\/wp\/v2\/product\/5393","targetHints":{"allow":["GET"]}}],"collection":[{"href":"https:\/\/www.delikatessen-nussbaumer.at\/index.php?rest_route=\/wp\/v2\/product"}],"about":[{"href":"https:\/\/www.delikatessen-nussbaumer.at\/index.php?rest_route=\/wp\/v2\/types\/product"}],"replies":[{"embeddable":true,"href":"https:\/\/www.delikatessen-nussbaumer.at\/index.php?rest_route=%2Fwp%2Fv2%2Fcomments&post=5393"}],"version-history":[{"count":2,"href":"https:\/\/www.delikatessen-nussbaumer.at\/index.php?rest_route=\/wp\/v2\/product\/5393\/revisions"}],"predecessor-version":[{"id":5396,"href":"https:\/\/www.delikatessen-nussbaumer.at\/index.php?rest_route=\/wp\/v2\/product\/5393\/revisions\/5396"}],"wp:featuredmedia":[{"embeddable":true,"href":"https:\/\/www.delikatessen-nussbaumer.at\/index.php?rest_route=\/wp\/v2\/media\/5395"}],"wp:attachment":[{"href":"https:\/\/www.delikatessen-nussbaumer.at\/index.php?rest_route=%2Fwp%2Fv2%2Fmedia&parent=5393"}],"wp:term":[{"taxonomy":"product_brand","embeddable":true,"href":"https:\/\/www.delikatessen-nussbaumer.at\/index.php?rest_route=%2Fwp%2Fv2%2Fproduct_brand&post=5393"},{"taxonomy":"product_cat","embeddable":true,"href":"https:\/\/www.delikatessen-nussbaumer.at\/index.php?rest_route=%2Fwp%2Fv2%2Fproduct_cat&post=5393"},{"taxonomy":"product_tag","embeddable":true,"href":"https:\/\/www.delikatessen-nussbaumer.at\/index.php?rest_route=%2Fwp%2Fv2%2Fproduct_tag&post=5393"}],"curies":[{"name":"wp","href":"https:\/\/api.w.org\/{rel}","templated":true}]}}