{"id":5214,"date":"2022-10-21T10:28:54","date_gmt":"2022-10-21T08:28:54","guid":{"rendered":"https:\/\/www.delikatessen-nussbaumer.at\/graz\/?post_type=product&#038;p=5214"},"modified":"2025-03-17T08:18:29","modified_gmt":"2025-03-17T07:18:29","slug":"kaese-abo","status":"publish","type":"product","link":"https:\/\/www.delikatessen-nussbaumer.at\/?product=kaese-abo&lang=de","title":{"rendered":"K\u00e4se Abo"},"content":{"rendered":"","protected":false},"excerpt":{"rendered":"<p data-start=\"0\" data-end=\"192\">Unsere K\u00e4se-Spezialistinnen w\u00e4hlen zwei, drei oder vier unserer beliebtesten handwerklich hergestellten K\u00e4sesorten* f\u00fcr Sie aus. Die Auswahl variiert jeden Monat und bietet eine ideale Vielfalt f\u00fcr Ihre K\u00e4seplatte.<\/p>\n<p data-start=\"194\" data-end=\"387\">Jeder K\u00e4se wird mit einer erkl\u00e4renden Notiz geliefert, die Angaben zur Milchart, Reifezeit und Geschmacksbeschreibung enth\u00e4lt. Zudem erhalten Sie Empfehlungen f\u00fcr die passende Weinbegleitung.<\/p>\n<p data-start=\"389\" data-end=\"571\">Sie k\u00f6nnen ein monatliches Abonnement f\u00fcr\u00a0 2, 3 oder so viele Monate abschlie\u00dfen, wie Sie m\u00f6chten. Klicken Sie einfach auf das \u201e+\u201c-Zeichen, um die Anzahl der Monate zu erh\u00f6hen**.<\/p>\n<p data-start=\"573\" data-end=\"658\">Dies ist die perfekte Wahl f\u00fcr alle, die verschiedene K\u00e4sesorten probieren m\u00f6chten.<\/p>\n<p>*Jedes St\u00fcck K\u00e4se wiegt 200 bis 250 g.<br data-start=\"690\" data-end=\"693\" \/>**Bitte beachten Sie, dass Abonnements nicht erstattungsf\u00e4hig sind.<\/p>\n","protected":false},"featured_media":5650,"comment_status":"open","ping_status":"closed","template":"","meta":[],"product_brand":[],"product_cat":[168,272],"product_tag":[],"class_list":{"0":"post-5214","1":"product","2":"type-product","3":"status-publish","4":"has-post-thumbnail","6":"product_cat-geschenkideen","7":"product_cat-kaese-abo","9":"first","10":"instock","11":"taxable","12":"shipping-taxable","13":"product-type-simple"},"_links":{"self":[{"href":"https:\/\/www.delikatessen-nussbaumer.at\/index.php?rest_route=\/wp\/v2\/product\/5214","targetHints":{"allow":["GET"]}}],"collection":[{"href":"https:\/\/www.delikatessen-nussbaumer.at\/index.php?rest_route=\/wp\/v2\/product"}],"about":[{"href":"https:\/\/www.delikatessen-nussbaumer.at\/index.php?rest_route=\/wp\/v2\/types\/product"}],"replies":[{"embeddable":true,"href":"https:\/\/www.delikatessen-nussbaumer.at\/index.php?rest_route=%2Fwp%2Fv2%2Fcomments&post=5214"}],"version-history":[{"count":7,"href":"https:\/\/www.delikatessen-nussbaumer.at\/index.php?rest_route=\/wp\/v2\/product\/5214\/revisions"}],"predecessor-version":[{"id":5926,"href":"https:\/\/www.delikatessen-nussbaumer.at\/index.php?rest_route=\/wp\/v2\/product\/5214\/revisions\/5926"}],"wp:featuredmedia":[{"embeddable":true,"href":"https:\/\/www.delikatessen-nussbaumer.at\/index.php?rest_route=\/wp\/v2\/media\/5650"}],"wp:attachment":[{"href":"https:\/\/www.delikatessen-nussbaumer.at\/index.php?rest_route=%2Fwp%2Fv2%2Fmedia&parent=5214"}],"wp:term":[{"taxonomy":"product_brand","embeddable":true,"href":"https:\/\/www.delikatessen-nussbaumer.at\/index.php?rest_route=%2Fwp%2Fv2%2Fproduct_brand&post=5214"},{"taxonomy":"product_cat","embeddable":true,"href":"https:\/\/www.delikatessen-nussbaumer.at\/index.php?rest_route=%2Fwp%2Fv2%2Fproduct_cat&post=5214"},{"taxonomy":"product_tag","embeddable":true,"href":"https:\/\/www.delikatessen-nussbaumer.at\/index.php?rest_route=%2Fwp%2Fv2%2Fproduct_tag&post=5214"}],"curies":[{"name":"wp","href":"https:\/\/api.w.org\/{rel}","templated":true}]}}