{"id":5098,"date":"2022-04-20T07:06:32","date_gmt":"2022-04-20T05:06:32","guid":{"rendered":"https:\/\/www.delikatessen-nussbaumer.at\/graz\/?post_type=product&#038;p=5098"},"modified":"2023-03-23T12:30:40","modified_gmt":"2023-03-23T11:30:40","slug":"taleggio-dop","status":"publish","type":"product","link":"https:\/\/www.delikatessen-nussbaumer.at\/?product=taleggio-dop&lang=de","title":{"rendered":"Taleggio DOP &#8211; 200gm"},"content":{"rendered":"<p><strong>Nahrwerte:<br \/>\n<\/strong>1319kj\/315kcal<br \/>\nFett: 26g, davon ges\u00e4ttigte Fetts\u00e4uren: 17g<br \/>\nKolenhydrate: 0.9g davon Zucker: 0.9g<br \/>\nEiwe\u00df: 19g<br \/>\nSalz: 2.2g<\/p>\n<p><strong>Zutaten:<br \/>\n<\/strong><span class=\"oo-dnr-zut_zutatenverzeichnis\">Kuhmilch<br \/>\nMeersalz<br \/>\nTierisches Lab<\/span><\/p>\n","protected":false},"excerpt":{"rendered":"<p>Nahrwerte: 1319kj\/315kcal Fett: 26g, davon ges\u00e4ttigte Fetts\u00e4uren: 17g Kolenhydrate: 0.9g davon Zucker: 0.9g Eiwe\u00df: 19g Salz: 2.2g Zutaten: Kuhmilch Meersalz Tierisches Lab<\/p>\n","protected":false},"featured_media":0,"comment_status":"closed","ping_status":"closed","template":"","meta":[],"product_brand":[],"product_cat":[107,155],"product_tag":[],"class_list":{"0":"post-5098","1":"product","2":"type-product","3":"status-publish","5":"product_cat-kaese","6":"product_cat-kuhmilchkaese","8":"first","9":"instock","10":"taxable","11":"shipping-taxable","12":"purchasable","13":"product-type-simple"},"_links":{"self":[{"href":"https:\/\/www.delikatessen-nussbaumer.at\/index.php?rest_route=\/wp\/v2\/product\/5098","targetHints":{"allow":["GET"]}}],"collection":[{"href":"https:\/\/www.delikatessen-nussbaumer.at\/index.php?rest_route=\/wp\/v2\/product"}],"about":[{"href":"https:\/\/www.delikatessen-nussbaumer.at\/index.php?rest_route=\/wp\/v2\/types\/product"}],"replies":[{"embeddable":true,"href":"https:\/\/www.delikatessen-nussbaumer.at\/index.php?rest_route=%2Fwp%2Fv2%2Fcomments&post=5098"}],"version-history":[{"count":3,"href":"https:\/\/www.delikatessen-nussbaumer.at\/index.php?rest_route=\/wp\/v2\/product\/5098\/revisions"}],"predecessor-version":[{"id":5285,"href":"https:\/\/www.delikatessen-nussbaumer.at\/index.php?rest_route=\/wp\/v2\/product\/5098\/revisions\/5285"}],"wp:attachment":[{"href":"https:\/\/www.delikatessen-nussbaumer.at\/index.php?rest_route=%2Fwp%2Fv2%2Fmedia&parent=5098"}],"wp:term":[{"taxonomy":"product_brand","embeddable":true,"href":"https:\/\/www.delikatessen-nussbaumer.at\/index.php?rest_route=%2Fwp%2Fv2%2Fproduct_brand&post=5098"},{"taxonomy":"product_cat","embeddable":true,"href":"https:\/\/www.delikatessen-nussbaumer.at\/index.php?rest_route=%2Fwp%2Fv2%2Fproduct_cat&post=5098"},{"taxonomy":"product_tag","embeddable":true,"href":"https:\/\/www.delikatessen-nussbaumer.at\/index.php?rest_route=%2Fwp%2Fv2%2Fproduct_tag&post=5098"}],"curies":[{"name":"wp","href":"https:\/\/api.w.org\/{rel}","templated":true}]}}