{"id":4939,"date":"2022-02-18T13:49:13","date_gmt":"2022-02-18T12:49:13","guid":{"rendered":"https:\/\/www.delikatessen-nussbaumer.at\/graz\/?post_type=product&#038;p=4939"},"modified":"2023-12-20T14:21:05","modified_gmt":"2023-12-20T13:21:05","slug":"delice-dargental-mit-trueffel-1-stueck-100g","status":"publish","type":"product","link":"https:\/\/www.delikatessen-nussbaumer.at\/?product=delice-dargental-mit-trueffel-1-stueck-100g&lang=de","title":{"rendered":"D\u00e9lice D&#8217;Argental mit Tr\u00fcffel &#8211; 1 St\u00fcck 100g"},"content":{"rendered":"<p><strong>N\u00e4hrwerte<\/strong><br \/>\n1629 kj\/395 kcal<br \/>\nFett: 40g, davon ges\u00e4ttigte Fetts\u00e4uren: 27g<br \/>\nKolenhydrate: 3g davon Zucker: 0.0g<br \/>\nEiwe\u00df: 8g<br \/>\nSalz: 1g<\/p>\n<p><strong>Zutaten:<br \/>\n<\/strong>Kuhmilch &#8211; Pasteurisiert<br \/>\nSahne<br \/>\nSommertr\u00fcffel (tuber aestivum vitt)<br \/>\nOliven\u00f6l<br \/>\nLab (Tierisch, Kalb)<br \/>\nKulturen<br \/>\nSalz<br \/>\nF.I.T: 75%<\/p>\n","protected":false},"excerpt":{"rendered":"<p>Dieser Weichk\u00e4se aus pasteurisierter Milch und Tr\u00fcffeln wird in einer Holzschachtel geliefert.<\/p>\n","protected":false},"featured_media":3680,"comment_status":"open","ping_status":"closed","template":"","meta":[],"product_brand":[],"product_cat":[107,155],"product_tag":[],"class_list":{"0":"post-4939","1":"product","2":"type-product","3":"status-publish","4":"has-post-thumbnail","6":"product_cat-kaese","7":"product_cat-kuhmilchkaese","9":"first","10":"instock","11":"taxable","12":"shipping-taxable","13":"purchasable","14":"product-type-simple"},"_links":{"self":[{"href":"https:\/\/www.delikatessen-nussbaumer.at\/index.php?rest_route=\/wp\/v2\/product\/4939","targetHints":{"allow":["GET"]}}],"collection":[{"href":"https:\/\/www.delikatessen-nussbaumer.at\/index.php?rest_route=\/wp\/v2\/product"}],"about":[{"href":"https:\/\/www.delikatessen-nussbaumer.at\/index.php?rest_route=\/wp\/v2\/types\/product"}],"replies":[{"embeddable":true,"href":"https:\/\/www.delikatessen-nussbaumer.at\/index.php?rest_route=%2Fwp%2Fv2%2Fcomments&post=4939"}],"version-history":[{"count":2,"href":"https:\/\/www.delikatessen-nussbaumer.at\/index.php?rest_route=\/wp\/v2\/product\/4939\/revisions"}],"predecessor-version":[{"id":4941,"href":"https:\/\/www.delikatessen-nussbaumer.at\/index.php?rest_route=\/wp\/v2\/product\/4939\/revisions\/4941"}],"wp:featuredmedia":[{"embeddable":true,"href":"https:\/\/www.delikatessen-nussbaumer.at\/index.php?rest_route=\/wp\/v2\/media\/3680"}],"wp:attachment":[{"href":"https:\/\/www.delikatessen-nussbaumer.at\/index.php?rest_route=%2Fwp%2Fv2%2Fmedia&parent=4939"}],"wp:term":[{"taxonomy":"product_brand","embeddable":true,"href":"https:\/\/www.delikatessen-nussbaumer.at\/index.php?rest_route=%2Fwp%2Fv2%2Fproduct_brand&post=4939"},{"taxonomy":"product_cat","embeddable":true,"href":"https:\/\/www.delikatessen-nussbaumer.at\/index.php?rest_route=%2Fwp%2Fv2%2Fproduct_cat&post=4939"},{"taxonomy":"product_tag","embeddable":true,"href":"https:\/\/www.delikatessen-nussbaumer.at\/index.php?rest_route=%2Fwp%2Fv2%2Fproduct_tag&post=4939"}],"curies":[{"name":"wp","href":"https:\/\/api.w.org\/{rel}","templated":true}]}}