{"id":4740,"date":"2022-02-02T16:54:36","date_gmt":"2022-02-02T15:54:36","guid":{"rendered":"https:\/\/www.delikatessen-nussbaumer.at\/graz\/?post_type=product&#038;p=4740"},"modified":"2024-01-18T15:43:05","modified_gmt":"2024-01-18T14:43:05","slug":"alpenkaviar-250gm","status":"publish","type":"product","link":"https:\/\/www.delikatessen-nussbaumer.at\/?product=alpenkaviar-250gm&lang=de","title":{"rendered":"Alpenkaviar 250gm"},"content":{"rendered":"<p>N\u00e4hrwerte pro 100g<br \/>\nBrennwert: 972kj 9 Kcal<br \/>\nFett: 14,7<br \/>\ndavon ges\u00e4ttigte Fettsa\u00e4ure: 3,7g<br \/>\nKohlenhydrate: 4g<br \/>\ndavon Zucker: 0g<br \/>\nEiwei\u00df: 25,1g<br \/>\nSalz: 3,5g<\/p>\n<p>Zutaten<br \/>\nSt\u00f6rroggen<br \/>\nSalz 3,4%<br \/>\nKonservierungsstoff: Natriumborat:0,3%<\/p>\n","protected":false},"excerpt":{"rendered":"<p>N\u00e4hrwerte pro 100g Brennwert: 972kj 9 Kcal Fett: 14,7 davon ges\u00e4ttigte Fettsa\u00e4ure: 3,7g Kohlenhydrate: 4g davon Zucker: 0g Eiwei\u00df: 25,1g Salz: 3,5g [&hellip;]<\/p>\n","protected":false},"featured_media":4729,"comment_status":"closed","ping_status":"closed","template":"","meta":[],"product_brand":[],"product_cat":[265],"product_tag":[],"class_list":{"0":"post-4740","1":"product","2":"type-product","3":"status-publish","4":"has-post-thumbnail","6":"product_cat-kaviar","8":"first","9":"instock","10":"taxable","11":"shipping-taxable","12":"purchasable","13":"product-type-simple"},"_links":{"self":[{"href":"https:\/\/www.delikatessen-nussbaumer.at\/index.php?rest_route=\/wp\/v2\/product\/4740","targetHints":{"allow":["GET"]}}],"collection":[{"href":"https:\/\/www.delikatessen-nussbaumer.at\/index.php?rest_route=\/wp\/v2\/product"}],"about":[{"href":"https:\/\/www.delikatessen-nussbaumer.at\/index.php?rest_route=\/wp\/v2\/types\/product"}],"replies":[{"embeddable":true,"href":"https:\/\/www.delikatessen-nussbaumer.at\/index.php?rest_route=%2Fwp%2Fv2%2Fcomments&post=4740"}],"version-history":[{"count":3,"href":"https:\/\/www.delikatessen-nussbaumer.at\/index.php?rest_route=\/wp\/v2\/product\/4740\/revisions"}],"predecessor-version":[{"id":4743,"href":"https:\/\/www.delikatessen-nussbaumer.at\/index.php?rest_route=\/wp\/v2\/product\/4740\/revisions\/4743"}],"wp:featuredmedia":[{"embeddable":true,"href":"https:\/\/www.delikatessen-nussbaumer.at\/index.php?rest_route=\/wp\/v2\/media\/4729"}],"wp:attachment":[{"href":"https:\/\/www.delikatessen-nussbaumer.at\/index.php?rest_route=%2Fwp%2Fv2%2Fmedia&parent=4740"}],"wp:term":[{"taxonomy":"product_brand","embeddable":true,"href":"https:\/\/www.delikatessen-nussbaumer.at\/index.php?rest_route=%2Fwp%2Fv2%2Fproduct_brand&post=4740"},{"taxonomy":"product_cat","embeddable":true,"href":"https:\/\/www.delikatessen-nussbaumer.at\/index.php?rest_route=%2Fwp%2Fv2%2Fproduct_cat&post=4740"},{"taxonomy":"product_tag","embeddable":true,"href":"https:\/\/www.delikatessen-nussbaumer.at\/index.php?rest_route=%2Fwp%2Fv2%2Fproduct_tag&post=4740"}],"curies":[{"name":"wp","href":"https:\/\/api.w.org\/{rel}","templated":true}]}}