{"id":4682,"date":"2021-12-03T12:49:49","date_gmt":"2021-12-03T11:49:49","guid":{"rendered":"https:\/\/www.delikatessen-nussbaumer.at\/graz\/?post_type=product&#038;p=4682"},"modified":"2024-01-13T17:29:47","modified_gmt":"2024-01-13T16:29:47","slug":"finks-schwarze-nuesse-ganz-140g-kopie","status":"publish","type":"product","link":"https:\/\/www.delikatessen-nussbaumer.at\/?product=finks-schwarze-nuesse-ganz-140g-kopie&lang=de","title":{"rendered":"Fink&#8217;s Schwarze N\u00fcsse ganz 140g"},"content":{"rendered":"<p><strong>N\u00e4hrwerte:<\/strong><br \/>\n1757kJ\/420kcal<br \/>\nFett 27g<br \/>\ndavon ges\u00e4ttigte Fetts\u00e4uren 1,9g<br \/>\nKohlenhydrate 30g<br \/>\ndavon Zucker 29g<br \/>\nEiwei\u00df 12g<br \/>\nSalz 0,30g<\/p>\n<p><strong>Zutaten:<\/strong><br \/>\nSchwarze N\u00fcsse(Waln\u00fcsse)<br \/>\nZucker<br \/>\nWasser<br \/>\nGew\u00fcrze<br \/>\nVanille<\/p>\n","protected":false},"excerpt":{"rendered":"<p>Die herbaromatischen, eingelegten ganzen schwarzen N\u00fcsse eignen sich hervorragend zu Pasteten, K\u00e4se oder f\u00fcr Desserts.<\/p>\n","protected":false},"featured_media":2453,"comment_status":"open","ping_status":"closed","template":"","meta":[],"product_brand":[],"product_cat":[104],"product_tag":[],"class_list":{"0":"post-4682","1":"product","2":"type-product","3":"status-publish","4":"has-post-thumbnail","6":"product_cat-chutney-kaesebegleitung","8":"first","9":"outofstock","10":"taxable","11":"shipping-taxable","12":"purchasable","13":"product-type-simple"},"_links":{"self":[{"href":"https:\/\/www.delikatessen-nussbaumer.at\/index.php?rest_route=\/wp\/v2\/product\/4682","targetHints":{"allow":["GET"]}}],"collection":[{"href":"https:\/\/www.delikatessen-nussbaumer.at\/index.php?rest_route=\/wp\/v2\/product"}],"about":[{"href":"https:\/\/www.delikatessen-nussbaumer.at\/index.php?rest_route=\/wp\/v2\/types\/product"}],"replies":[{"embeddable":true,"href":"https:\/\/www.delikatessen-nussbaumer.at\/index.php?rest_route=%2Fwp%2Fv2%2Fcomments&post=4682"}],"version-history":[{"count":1,"href":"https:\/\/www.delikatessen-nussbaumer.at\/index.php?rest_route=\/wp\/v2\/product\/4682\/revisions"}],"predecessor-version":[{"id":4683,"href":"https:\/\/www.delikatessen-nussbaumer.at\/index.php?rest_route=\/wp\/v2\/product\/4682\/revisions\/4683"}],"wp:featuredmedia":[{"embeddable":true,"href":"https:\/\/www.delikatessen-nussbaumer.at\/index.php?rest_route=\/wp\/v2\/media\/2453"}],"wp:attachment":[{"href":"https:\/\/www.delikatessen-nussbaumer.at\/index.php?rest_route=%2Fwp%2Fv2%2Fmedia&parent=4682"}],"wp:term":[{"taxonomy":"product_brand","embeddable":true,"href":"https:\/\/www.delikatessen-nussbaumer.at\/index.php?rest_route=%2Fwp%2Fv2%2Fproduct_brand&post=4682"},{"taxonomy":"product_cat","embeddable":true,"href":"https:\/\/www.delikatessen-nussbaumer.at\/index.php?rest_route=%2Fwp%2Fv2%2Fproduct_cat&post=4682"},{"taxonomy":"product_tag","embeddable":true,"href":"https:\/\/www.delikatessen-nussbaumer.at\/index.php?rest_route=%2Fwp%2Fv2%2Fproduct_tag&post=4682"}],"curies":[{"name":"wp","href":"https:\/\/api.w.org\/{rel}","templated":true}]}}