{"id":4630,"date":"2021-11-11T15:59:48","date_gmt":"2021-11-11T14:59:48","guid":{"rendered":"https:\/\/www.delikatessen-nussbaumer.at\/graz\/?post_type=product&#038;p=4630"},"modified":"2024-01-13T17:14:28","modified_gmt":"2024-01-13T16:14:28","slug":"finca-rosala-marcona-mandel-mit-trueffel-90g","status":"publish","type":"product","link":"https:\/\/www.delikatessen-nussbaumer.at\/?product=finca-rosala-marcona-mandel-mit-trueffel-90g&lang=de","title":{"rendered":"Finca Rosala &#8211;  Mandel mit Tr\u00fcffel 90g"},"content":{"rendered":"<p><strong>N\u00e4hrwerte:<\/strong><br \/>\n2670kJ\/644kcal<br \/>\nFett 54,1g<br \/>\ndavon ges\u00e4ttigte Fetts\u00e4uren 5,5g<br \/>\nKohlenhydrate 14,9g<br \/>\ndavon Zucker 5,3g<br \/>\nEiwei\u00df 24,4g<br \/>\nSalz 0,9g<\/p>\n<p><strong>Zutaten:<\/strong><br \/>\nMARCONA MANDELN OHNE HAUT<br \/>\nRohrzucker<br \/>\nAestivum Tr\u00fcffel Brisure (2%)<br \/>\nSalz, nat\u00fcrlich Trufflearoma, mildes Paprikavulker.<\/p>\n","protected":false},"excerpt":{"rendered":"<p>N\u00e4hrwerte: 2670kJ\/644kcal Fett 54,1g davon ges\u00e4ttigte Fetts\u00e4uren 5,5g Kohlenhydrate 14,9g davon Zucker 5,3g Eiwei\u00df 24,4g Salz 0,9g Zutaten: MARCONA MANDELN OHNE HAUT [&hellip;]<\/p>\n","protected":false},"featured_media":4632,"comment_status":"open","ping_status":"closed","template":"","meta":[],"product_brand":[],"product_cat":[151,156],"product_tag":[],"class_list":{"0":"post-4630","1":"product","2":"type-product","3":"status-publish","4":"has-post-thumbnail","6":"product_cat-knabbergebaeck","7":"product_cat-trueffel-produkte","9":"first","10":"outofstock","11":"taxable","12":"shipping-taxable","13":"purchasable","14":"product-type-simple"},"_links":{"self":[{"href":"https:\/\/www.delikatessen-nussbaumer.at\/index.php?rest_route=\/wp\/v2\/product\/4630","targetHints":{"allow":["GET"]}}],"collection":[{"href":"https:\/\/www.delikatessen-nussbaumer.at\/index.php?rest_route=\/wp\/v2\/product"}],"about":[{"href":"https:\/\/www.delikatessen-nussbaumer.at\/index.php?rest_route=\/wp\/v2\/types\/product"}],"replies":[{"embeddable":true,"href":"https:\/\/www.delikatessen-nussbaumer.at\/index.php?rest_route=%2Fwp%2Fv2%2Fcomments&post=4630"}],"version-history":[{"count":2,"href":"https:\/\/www.delikatessen-nussbaumer.at\/index.php?rest_route=\/wp\/v2\/product\/4630\/revisions"}],"predecessor-version":[{"id":5178,"href":"https:\/\/www.delikatessen-nussbaumer.at\/index.php?rest_route=\/wp\/v2\/product\/4630\/revisions\/5178"}],"wp:featuredmedia":[{"embeddable":true,"href":"https:\/\/www.delikatessen-nussbaumer.at\/index.php?rest_route=\/wp\/v2\/media\/4632"}],"wp:attachment":[{"href":"https:\/\/www.delikatessen-nussbaumer.at\/index.php?rest_route=%2Fwp%2Fv2%2Fmedia&parent=4630"}],"wp:term":[{"taxonomy":"product_brand","embeddable":true,"href":"https:\/\/www.delikatessen-nussbaumer.at\/index.php?rest_route=%2Fwp%2Fv2%2Fproduct_brand&post=4630"},{"taxonomy":"product_cat","embeddable":true,"href":"https:\/\/www.delikatessen-nussbaumer.at\/index.php?rest_route=%2Fwp%2Fv2%2Fproduct_cat&post=4630"},{"taxonomy":"product_tag","embeddable":true,"href":"https:\/\/www.delikatessen-nussbaumer.at\/index.php?rest_route=%2Fwp%2Fv2%2Fproduct_tag&post=4630"}],"curies":[{"name":"wp","href":"https:\/\/api.w.org\/{rel}","templated":true}]}}