{"id":4606,"date":"2021-10-13T17:28:49","date_gmt":"2021-10-13T15:28:49","guid":{"rendered":"https:\/\/www.delikatessen-nussbaumer.at\/graz\/?post_type=product&#038;p=4606"},"modified":"2023-12-08T09:49:52","modified_gmt":"2023-12-08T08:49:52","slug":"geschenkkorb-cremant-camembert","status":"publish","type":"product","link":"https:\/\/www.delikatessen-nussbaumer.at\/?product=geschenkkorb-cremant-camembert&lang=de","title":{"rendered":"Geschenkkorb &#8211; Cr\u00e9mant &#038; Camembert"},"content":{"rendered":"<p>Cr\u00e9mant 750ml<br \/>\nCamembert 250gm<br \/>\nCidre &amp; Calvados Gel\u00e9e 125 gm<\/p>\n<h6>*Die Inhalte der Geschenkk\u00f6rbe k\u00f6nnen variieren &#8211; doch der Endpreis bleibt immer der Angef\u00fchrte.<\/h6>\n<p>&nbsp;<\/p>\n","protected":false},"excerpt":{"rendered":"<p>Cr\u00e9mant 750ml Camembert 250gm Cidre &amp; Calvados Gel\u00e9e 125 gm *Die Inhalte der Geschenkk\u00f6rbe k\u00f6nnen variieren &#8211; doch der Endpreis bleibt immer [&hellip;]<\/p>\n","protected":false},"featured_media":4608,"comment_status":"closed","ping_status":"closed","template":"","meta":[],"product_brand":[],"product_cat":[168],"product_tag":[],"class_list":{"0":"post-4606","1":"product","2":"type-product","3":"status-publish","4":"has-post-thumbnail","6":"product_cat-geschenkideen","8":"first","9":"instock","10":"taxable","11":"shipping-taxable","12":"purchasable","13":"product-type-simple"},"_links":{"self":[{"href":"https:\/\/www.delikatessen-nussbaumer.at\/index.php?rest_route=\/wp\/v2\/product\/4606","targetHints":{"allow":["GET"]}}],"collection":[{"href":"https:\/\/www.delikatessen-nussbaumer.at\/index.php?rest_route=\/wp\/v2\/product"}],"about":[{"href":"https:\/\/www.delikatessen-nussbaumer.at\/index.php?rest_route=\/wp\/v2\/types\/product"}],"replies":[{"embeddable":true,"href":"https:\/\/www.delikatessen-nussbaumer.at\/index.php?rest_route=%2Fwp%2Fv2%2Fcomments&post=4606"}],"version-history":[{"count":1,"href":"https:\/\/www.delikatessen-nussbaumer.at\/index.php?rest_route=\/wp\/v2\/product\/4606\/revisions"}],"predecessor-version":[{"id":4607,"href":"https:\/\/www.delikatessen-nussbaumer.at\/index.php?rest_route=\/wp\/v2\/product\/4606\/revisions\/4607"}],"wp:featuredmedia":[{"embeddable":true,"href":"https:\/\/www.delikatessen-nussbaumer.at\/index.php?rest_route=\/wp\/v2\/media\/4608"}],"wp:attachment":[{"href":"https:\/\/www.delikatessen-nussbaumer.at\/index.php?rest_route=%2Fwp%2Fv2%2Fmedia&parent=4606"}],"wp:term":[{"taxonomy":"product_brand","embeddable":true,"href":"https:\/\/www.delikatessen-nussbaumer.at\/index.php?rest_route=%2Fwp%2Fv2%2Fproduct_brand&post=4606"},{"taxonomy":"product_cat","embeddable":true,"href":"https:\/\/www.delikatessen-nussbaumer.at\/index.php?rest_route=%2Fwp%2Fv2%2Fproduct_cat&post=4606"},{"taxonomy":"product_tag","embeddable":true,"href":"https:\/\/www.delikatessen-nussbaumer.at\/index.php?rest_route=%2Fwp%2Fv2%2Fproduct_tag&post=4606"}],"curies":[{"name":"wp","href":"https:\/\/api.w.org\/{rel}","templated":true}]}}