{"id":4591,"date":"2021-10-13T17:00:41","date_gmt":"2021-10-13T15:00:41","guid":{"rendered":"https:\/\/www.delikatessen-nussbaumer.at\/graz\/?post_type=product&#038;p=4591"},"modified":"2023-12-08T09:50:10","modified_gmt":"2023-12-08T08:50:10","slug":"geschenkkorb-delikatessen-wein","status":"publish","type":"product","link":"https:\/\/www.delikatessen-nussbaumer.at\/?product=geschenkkorb-delikatessen-wein&lang=de","title":{"rendered":"Geschenkkorb &#8211; Delikatessen &#038; Wein"},"content":{"rendered":"<p>Pasta 250gm<br \/>\nParadeis Pesto 90gm<br \/>\nArtischocken 270gm<br \/>\nTomaten Sugo 350gm<br \/>\nPorcini Polenta 300gm<br \/>\nPfeffer 10gm<br \/>\nRotwein 750ml<br \/>\nTuna in Oliven \u00d6l 115gm<br \/>\nZitronen Salz 120gm<br \/>\nGetrocknete Tomaten 100gm<br \/>\nMarmelade 250gm<br \/>\nPesto Ligure 130gm<br \/>\nGrissini 100g Klein<\/p>\n<h6>*Die Inhalte der Geschenkk\u00f6rbe k\u00f6nnen variieren &#8211; doch der Endpreis bleibt immer der Angef\u00fchrte.<\/h6>\n<p>&nbsp;<\/p>\n","protected":false},"excerpt":{"rendered":"<p>Pasta 250gm Paradeis Pesto 90gm Artischocken 270gm Tomaten Sugo 350gm Porcini Polenta 300gm Pfeffer 10gm Rotwein 750ml Tuna in Oliven \u00d6l 115gm [&hellip;]<\/p>\n","protected":false},"featured_media":4594,"comment_status":"closed","ping_status":"closed","template":"","meta":[],"product_brand":[],"product_cat":[168],"product_tag":[],"class_list":{"0":"post-4591","1":"product","2":"type-product","3":"status-publish","4":"has-post-thumbnail","6":"product_cat-geschenkideen","8":"first","9":"instock","10":"taxable","11":"shipping-taxable","12":"purchasable","13":"product-type-simple"},"_links":{"self":[{"href":"https:\/\/www.delikatessen-nussbaumer.at\/index.php?rest_route=\/wp\/v2\/product\/4591","targetHints":{"allow":["GET"]}}],"collection":[{"href":"https:\/\/www.delikatessen-nussbaumer.at\/index.php?rest_route=\/wp\/v2\/product"}],"about":[{"href":"https:\/\/www.delikatessen-nussbaumer.at\/index.php?rest_route=\/wp\/v2\/types\/product"}],"replies":[{"embeddable":true,"href":"https:\/\/www.delikatessen-nussbaumer.at\/index.php?rest_route=%2Fwp%2Fv2%2Fcomments&post=4591"}],"version-history":[{"count":3,"href":"https:\/\/www.delikatessen-nussbaumer.at\/index.php?rest_route=\/wp\/v2\/product\/4591\/revisions"}],"predecessor-version":[{"id":5232,"href":"https:\/\/www.delikatessen-nussbaumer.at\/index.php?rest_route=\/wp\/v2\/product\/4591\/revisions\/5232"}],"wp:featuredmedia":[{"embeddable":true,"href":"https:\/\/www.delikatessen-nussbaumer.at\/index.php?rest_route=\/wp\/v2\/media\/4594"}],"wp:attachment":[{"href":"https:\/\/www.delikatessen-nussbaumer.at\/index.php?rest_route=%2Fwp%2Fv2%2Fmedia&parent=4591"}],"wp:term":[{"taxonomy":"product_brand","embeddable":true,"href":"https:\/\/www.delikatessen-nussbaumer.at\/index.php?rest_route=%2Fwp%2Fv2%2Fproduct_brand&post=4591"},{"taxonomy":"product_cat","embeddable":true,"href":"https:\/\/www.delikatessen-nussbaumer.at\/index.php?rest_route=%2Fwp%2Fv2%2Fproduct_cat&post=4591"},{"taxonomy":"product_tag","embeddable":true,"href":"https:\/\/www.delikatessen-nussbaumer.at\/index.php?rest_route=%2Fwp%2Fv2%2Fproduct_tag&post=4591"}],"curies":[{"name":"wp","href":"https:\/\/api.w.org\/{rel}","templated":true}]}}