{"id":4518,"date":"2021-09-02T15:07:47","date_gmt":"2021-09-02T13:07:47","guid":{"rendered":"https:\/\/www.delikatessen-nussbaumer.at\/graz\/?post_type=product&#038;p=4518"},"modified":"2022-10-10T11:59:35","modified_gmt":"2022-10-10T09:59:35","slug":"geschenkkorb-gewuerze-oel","status":"publish","type":"product","link":"https:\/\/www.delikatessen-nussbaumer.at\/?product=geschenkkorb-gewuerze-oel&lang=de","title":{"rendered":"Geschenkkorb &#8211; Gew\u00fcrze &#038; \u00d6l"},"content":{"rendered":"<p>Kubeben Pfeffer 45gm<br \/>\nGerauchtes Paprika 45gm<br \/>\nHimalayan Rosa Salz 250gm<br \/>\nExtra Virgin Oliven \u00d6l 250ml<br \/>\nChardonnay Weinessig 250ml<br \/>\nGetrocknete Tomaten 100gm<\/p>\n<h6>*Die Inhalte der Geschenkk\u00f6rbe k\u00f6nnen variieren &#8211; doch der Endpreis bleibt immer der Angef\u00fchrte.<\/h6>\n<p>&nbsp;<\/p>\n","protected":false},"excerpt":{"rendered":"<p>Kubeben Pfeffer 45gm Gerauchtes Paprika 45gm Himalayan Rosa Salz 250gm Extra Virgin Oliven \u00d6l 250ml Chardonnay Weinessig 250ml Getrocknete Tomaten 100gm *Die [&hellip;]<\/p>\n","protected":false},"featured_media":4520,"comment_status":"closed","ping_status":"closed","template":"","meta":[],"product_brand":[],"product_cat":[168],"product_tag":[],"class_list":{"0":"post-4518","1":"product","2":"type-product","3":"status-publish","4":"has-post-thumbnail","6":"product_cat-geschenkideen","8":"first","9":"instock","10":"taxable","11":"shipping-taxable","12":"purchasable","13":"product-type-simple"},"_links":{"self":[{"href":"https:\/\/www.delikatessen-nussbaumer.at\/index.php?rest_route=\/wp\/v2\/product\/4518","targetHints":{"allow":["GET"]}}],"collection":[{"href":"https:\/\/www.delikatessen-nussbaumer.at\/index.php?rest_route=\/wp\/v2\/product"}],"about":[{"href":"https:\/\/www.delikatessen-nussbaumer.at\/index.php?rest_route=\/wp\/v2\/types\/product"}],"replies":[{"embeddable":true,"href":"https:\/\/www.delikatessen-nussbaumer.at\/index.php?rest_route=%2Fwp%2Fv2%2Fcomments&post=4518"}],"version-history":[{"count":2,"href":"https:\/\/www.delikatessen-nussbaumer.at\/index.php?rest_route=\/wp\/v2\/product\/4518\/revisions"}],"predecessor-version":[{"id":4601,"href":"https:\/\/www.delikatessen-nussbaumer.at\/index.php?rest_route=\/wp\/v2\/product\/4518\/revisions\/4601"}],"wp:featuredmedia":[{"embeddable":true,"href":"https:\/\/www.delikatessen-nussbaumer.at\/index.php?rest_route=\/wp\/v2\/media\/4520"}],"wp:attachment":[{"href":"https:\/\/www.delikatessen-nussbaumer.at\/index.php?rest_route=%2Fwp%2Fv2%2Fmedia&parent=4518"}],"wp:term":[{"taxonomy":"product_brand","embeddable":true,"href":"https:\/\/www.delikatessen-nussbaumer.at\/index.php?rest_route=%2Fwp%2Fv2%2Fproduct_brand&post=4518"},{"taxonomy":"product_cat","embeddable":true,"href":"https:\/\/www.delikatessen-nussbaumer.at\/index.php?rest_route=%2Fwp%2Fv2%2Fproduct_cat&post=4518"},{"taxonomy":"product_tag","embeddable":true,"href":"https:\/\/www.delikatessen-nussbaumer.at\/index.php?rest_route=%2Fwp%2Fv2%2Fproduct_tag&post=4518"}],"curies":[{"name":"wp","href":"https:\/\/api.w.org\/{rel}","templated":true}]}}