{"id":4506,"date":"2021-09-02T14:41:41","date_gmt":"2021-09-02T12:41:41","guid":{"rendered":"https:\/\/www.delikatessen-nussbaumer.at\/graz\/?post_type=product&#038;p=4506"},"modified":"2023-01-20T12:12:58","modified_gmt":"2023-01-20T11:12:58","slug":"geschenkkorb-pasteten-aufstriche","status":"publish","type":"product","link":"https:\/\/www.delikatessen-nussbaumer.at\/?product=geschenkkorb-pasteten-aufstriche&lang=de","title":{"rendered":"Geschenkkorb &#8211; Pasteten &#038; Aufstriche"},"content":{"rendered":"<p>Wildschwein Pastete mit Preiselbeeren 180gm<br \/>\nEnten Pastete mit Orangen 180gm<br \/>\nWildschwein Pastete 90gm<br \/>\nHirsch Pastete 90gm<br \/>\nCornichons 200gm<br \/>\nCumberland Sauce 225gm<br \/>\nBauern Terrine mit Pinot Noir 200gm<br \/>\nZwiebel Confit 220gm<br \/>\nKapern 370gm<\/p>\n<h6>*Die Inhalte der Geschenkk\u00f6rbe k\u00f6nnen variieren &#8211; doch der Endpreis bleibt immer der Angef\u00fchrte.<\/h6>\n<p>&nbsp;<\/p>\n","protected":false},"excerpt":{"rendered":"<p>Wildschwein Pastete mit Preiselbeeren 180gm Enten Pastete mit Orangen 180gm Wildschwein Pastete 90gm Hirsch Pastete 90gm Cornichons 200gm Cumberland Sauce 225gm Bauern [&hellip;]<\/p>\n","protected":false},"featured_media":4508,"comment_status":"closed","ping_status":"closed","template":"","meta":[],"product_brand":[],"product_cat":[168],"product_tag":[],"class_list":{"0":"post-4506","1":"product","2":"type-product","3":"status-publish","4":"has-post-thumbnail","6":"product_cat-geschenkideen","8":"first","9":"instock","10":"taxable","11":"shipping-taxable","12":"purchasable","13":"product-type-simple"},"_links":{"self":[{"href":"https:\/\/www.delikatessen-nussbaumer.at\/index.php?rest_route=\/wp\/v2\/product\/4506","targetHints":{"allow":["GET"]}}],"collection":[{"href":"https:\/\/www.delikatessen-nussbaumer.at\/index.php?rest_route=\/wp\/v2\/product"}],"about":[{"href":"https:\/\/www.delikatessen-nussbaumer.at\/index.php?rest_route=\/wp\/v2\/types\/product"}],"replies":[{"embeddable":true,"href":"https:\/\/www.delikatessen-nussbaumer.at\/index.php?rest_route=%2Fwp%2Fv2%2Fcomments&post=4506"}],"version-history":[{"count":3,"href":"https:\/\/www.delikatessen-nussbaumer.at\/index.php?rest_route=\/wp\/v2\/product\/4506\/revisions"}],"predecessor-version":[{"id":4603,"href":"https:\/\/www.delikatessen-nussbaumer.at\/index.php?rest_route=\/wp\/v2\/product\/4506\/revisions\/4603"}],"wp:featuredmedia":[{"embeddable":true,"href":"https:\/\/www.delikatessen-nussbaumer.at\/index.php?rest_route=\/wp\/v2\/media\/4508"}],"wp:attachment":[{"href":"https:\/\/www.delikatessen-nussbaumer.at\/index.php?rest_route=%2Fwp%2Fv2%2Fmedia&parent=4506"}],"wp:term":[{"taxonomy":"product_brand","embeddable":true,"href":"https:\/\/www.delikatessen-nussbaumer.at\/index.php?rest_route=%2Fwp%2Fv2%2Fproduct_brand&post=4506"},{"taxonomy":"product_cat","embeddable":true,"href":"https:\/\/www.delikatessen-nussbaumer.at\/index.php?rest_route=%2Fwp%2Fv2%2Fproduct_cat&post=4506"},{"taxonomy":"product_tag","embeddable":true,"href":"https:\/\/www.delikatessen-nussbaumer.at\/index.php?rest_route=%2Fwp%2Fv2%2Fproduct_tag&post=4506"}],"curies":[{"name":"wp","href":"https:\/\/api.w.org\/{rel}","templated":true}]}}