{"id":4174,"date":"2021-05-12T11:18:46","date_gmt":"2021-05-12T09:18:46","guid":{"rendered":"https:\/\/www.delikatessen-nussbaumer.at\/graz\/?post_type=product&#038;p=4174"},"modified":"2023-12-08T09:51:45","modified_gmt":"2023-12-08T08:51:45","slug":"geschenkkorb-kaese-wein","status":"publish","type":"product","link":"https:\/\/www.delikatessen-nussbaumer.at\/?product=geschenkkorb-kaese-wein&lang=de","title":{"rendered":"Geschenkkorb &#8211; K\u00e4se &#038; Wein"},"content":{"rendered":"<p>Dorner&#8217;s Pinot Griggio (Brda)750ml<br \/>\nCamembert aus der Normandie (Kuh-Rohmilch) 250g<br \/>\nZiegello (Ziege-Pasteurisiert) aus S\u00fcdtirol 200g<br \/>\nBergk\u00e4se aus der Schweiz (Kuh-Rohmilch) 200g<br \/>\nStilton aus England (Kuh-Pasteurisiert) 100g<br \/>\nK\u00e4se Begleitung &#8211; 2 x 33g<br \/>\nGrissini 100g<\/p>\n<h6>*Die Inhalte der Geschenkk\u00f6rbe k\u00f6nnen variieren &#8211; doch der Endpreis bleibt immer der Angef\u00fchrte.<\/h6>\n","protected":false},"excerpt":{"rendered":"<p>F\u00fcr K\u00e4se Liebhaber.<\/p>\n","protected":false},"featured_media":4176,"comment_status":"closed","ping_status":"closed","template":"","meta":[],"product_brand":[],"product_cat":[168],"product_tag":[],"class_list":{"0":"post-4174","1":"product","2":"type-product","3":"status-publish","4":"has-post-thumbnail","6":"product_cat-geschenkideen","8":"first","9":"instock","10":"taxable","11":"shipping-taxable","12":"purchasable","13":"product-type-simple"},"_links":{"self":[{"href":"https:\/\/www.delikatessen-nussbaumer.at\/index.php?rest_route=\/wp\/v2\/product\/4174","targetHints":{"allow":["GET"]}}],"collection":[{"href":"https:\/\/www.delikatessen-nussbaumer.at\/index.php?rest_route=\/wp\/v2\/product"}],"about":[{"href":"https:\/\/www.delikatessen-nussbaumer.at\/index.php?rest_route=\/wp\/v2\/types\/product"}],"replies":[{"embeddable":true,"href":"https:\/\/www.delikatessen-nussbaumer.at\/index.php?rest_route=%2Fwp%2Fv2%2Fcomments&post=4174"}],"version-history":[{"count":5,"href":"https:\/\/www.delikatessen-nussbaumer.at\/index.php?rest_route=\/wp\/v2\/product\/4174\/revisions"}],"predecessor-version":[{"id":4703,"href":"https:\/\/www.delikatessen-nussbaumer.at\/index.php?rest_route=\/wp\/v2\/product\/4174\/revisions\/4703"}],"wp:featuredmedia":[{"embeddable":true,"href":"https:\/\/www.delikatessen-nussbaumer.at\/index.php?rest_route=\/wp\/v2\/media\/4176"}],"wp:attachment":[{"href":"https:\/\/www.delikatessen-nussbaumer.at\/index.php?rest_route=%2Fwp%2Fv2%2Fmedia&parent=4174"}],"wp:term":[{"taxonomy":"product_brand","embeddable":true,"href":"https:\/\/www.delikatessen-nussbaumer.at\/index.php?rest_route=%2Fwp%2Fv2%2Fproduct_brand&post=4174"},{"taxonomy":"product_cat","embeddable":true,"href":"https:\/\/www.delikatessen-nussbaumer.at\/index.php?rest_route=%2Fwp%2Fv2%2Fproduct_cat&post=4174"},{"taxonomy":"product_tag","embeddable":true,"href":"https:\/\/www.delikatessen-nussbaumer.at\/index.php?rest_route=%2Fwp%2Fv2%2Fproduct_tag&post=4174"}],"curies":[{"name":"wp","href":"https:\/\/api.w.org\/{rel}","templated":true}]}}