{"id":3447,"date":"2021-02-23T18:49:06","date_gmt":"2021-02-23T17:49:06","guid":{"rendered":"https:\/\/www.delikatessen-nussbaumer.at\/graz\/product\/moliterno-al-tartuffo\/"},"modified":"2023-03-23T12:42:56","modified_gmt":"2023-03-23T11:42:56","slug":"moliterno-al-tartuffo","status":"publish","type":"product","link":"https:\/\/www.delikatessen-nussbaumer.at\/?product=moliterno-al-tartuffo&lang=de","title":{"rendered":"Moliterno Al Tartuffo &#8211; 200gm"},"content":{"rendered":"<p><strong>N\u00e4hrwerte:<\/strong><br \/>\n1854kj\/447kcal<br \/>\nFett: 37,5g, davon ges\u00e4ttigte Fetts\u00e4uren: 26g<br \/>\nKolenhydrate: 1,7g davon Zucker: 0.0g<br \/>\nEiwe\u00df: 25.5g<br \/>\nSalz: 1,1g<\/p>\n<p>&nbsp;<\/p>\n<p><strong>Zutaten:<\/strong><br \/>\nSchafmilch &#8211; Pasteurisiert<br \/>\nSommertr\u00fcffel (uber aestivum vitt) 5%<br \/>\nNat\u00fcrliches Aroma (Tr\u00fcffel) 0,05%<br \/>\nOliven\u00f6l extra vergine 2,2%<br \/>\nSalz<br \/>\nLab (Tierisch, Schaf)<br \/>\nKulturen<br \/>\nF.I.T: 50%<\/p>\n","protected":false},"excerpt":{"rendered":"<p>Pecorino Moliterno enth\u00e4lt schwarze Tr\u00fcffel (TuberAestivum). Das Tr\u00fcffelaroma entfaltet sich im Teig und verleiht ihm den reichhaltigen, zarten Geschmack des edlen Pilzes<\/p>\n","protected":false},"featured_media":5384,"comment_status":"open","ping_status":"closed","template":"","meta":[],"product_brand":[],"product_cat":[107,163],"product_tag":[],"class_list":{"0":"post-3447","1":"product","2":"type-product","3":"status-publish","4":"has-post-thumbnail","6":"product_cat-kaese","7":"product_cat-schafmilchkaese","9":"first","10":"instock","11":"taxable","12":"shipping-taxable","13":"purchasable","14":"product-type-simple"},"_links":{"self":[{"href":"https:\/\/www.delikatessen-nussbaumer.at\/index.php?rest_route=\/wp\/v2\/product\/3447","targetHints":{"allow":["GET"]}}],"collection":[{"href":"https:\/\/www.delikatessen-nussbaumer.at\/index.php?rest_route=\/wp\/v2\/product"}],"about":[{"href":"https:\/\/www.delikatessen-nussbaumer.at\/index.php?rest_route=\/wp\/v2\/types\/product"}],"replies":[{"embeddable":true,"href":"https:\/\/www.delikatessen-nussbaumer.at\/index.php?rest_route=%2Fwp%2Fv2%2Fcomments&post=3447"}],"version-history":[{"count":5,"href":"https:\/\/www.delikatessen-nussbaumer.at\/index.php?rest_route=\/wp\/v2\/product\/3447\/revisions"}],"predecessor-version":[{"id":4217,"href":"https:\/\/www.delikatessen-nussbaumer.at\/index.php?rest_route=\/wp\/v2\/product\/3447\/revisions\/4217"}],"wp:featuredmedia":[{"embeddable":true,"href":"https:\/\/www.delikatessen-nussbaumer.at\/index.php?rest_route=\/wp\/v2\/media\/5384"}],"wp:attachment":[{"href":"https:\/\/www.delikatessen-nussbaumer.at\/index.php?rest_route=%2Fwp%2Fv2%2Fmedia&parent=3447"}],"wp:term":[{"taxonomy":"product_brand","embeddable":true,"href":"https:\/\/www.delikatessen-nussbaumer.at\/index.php?rest_route=%2Fwp%2Fv2%2Fproduct_brand&post=3447"},{"taxonomy":"product_cat","embeddable":true,"href":"https:\/\/www.delikatessen-nussbaumer.at\/index.php?rest_route=%2Fwp%2Fv2%2Fproduct_cat&post=3447"},{"taxonomy":"product_tag","embeddable":true,"href":"https:\/\/www.delikatessen-nussbaumer.at\/index.php?rest_route=%2Fwp%2Fv2%2Fproduct_tag&post=3447"}],"curies":[{"name":"wp","href":"https:\/\/api.w.org\/{rel}","templated":true}]}}