{"id":3441,"date":"2021-02-23T18:48:59","date_gmt":"2021-02-23T17:48:59","guid":{"rendered":"https:\/\/www.delikatessen-nussbaumer.at\/graz\/product\/trufello\/"},"modified":"2024-04-17T12:28:46","modified_gmt":"2024-04-17T10:28:46","slug":"trufello","status":"publish","type":"product","link":"https:\/\/www.delikatessen-nussbaumer.at\/?product=trufello&lang=de","title":{"rendered":"Trufello &#8211; 200gm"},"content":{"rendered":"<p><strong>N\u00e4hrwerte:<\/strong><br \/>\n1854kj\/447kcal<br \/>\nFett: 37,5g, davon ges\u00e4ttigte Fetts\u00e4uren: 26g<br \/>\nKolenhydrate: 1,7g davon Zucker: 0.0g<br \/>\nEiwe\u00df: 25.5g<br \/>\nSalz: 1,1g<\/p>\n<p><strong>Zutaten:<\/strong><br \/>\nPasteurisierte Kuhmilch<br \/>\nLab, Kulturen<br \/>\nSalz<br \/>\nTr\u00fcffel 1,3%,<br \/>\nKonservierungsstoff: Lysozym (aus Ei)<br \/>\nF.I:T 50%<\/p>\n","protected":false},"excerpt":{"rendered":"<p>Schnittk\u00e4se aus 100%iger pasteurisierter Milch von S\u00fcdtiroler H\u00f6fen, verfeinert mit Edlen schwarzen Tr\u00fcffeln. Milchig-buttriger Geschmack, intensiver Tr\u00fcffelgeschmack.<\/p>\n","protected":false},"featured_media":3515,"comment_status":"open","ping_status":"closed","template":"","meta":[],"product_brand":[],"product_cat":[107,155,156],"product_tag":[],"class_list":{"0":"post-3441","1":"product","2":"type-product","3":"status-publish","4":"has-post-thumbnail","6":"product_cat-kaese","7":"product_cat-kuhmilchkaese","8":"product_cat-trueffel-produkte","10":"first","11":"instock","12":"taxable","13":"shipping-taxable","14":"purchasable","15":"product-type-simple"},"_links":{"self":[{"href":"https:\/\/www.delikatessen-nussbaumer.at\/index.php?rest_route=\/wp\/v2\/product\/3441","targetHints":{"allow":["GET"]}}],"collection":[{"href":"https:\/\/www.delikatessen-nussbaumer.at\/index.php?rest_route=\/wp\/v2\/product"}],"about":[{"href":"https:\/\/www.delikatessen-nussbaumer.at\/index.php?rest_route=\/wp\/v2\/types\/product"}],"replies":[{"embeddable":true,"href":"https:\/\/www.delikatessen-nussbaumer.at\/index.php?rest_route=%2Fwp%2Fv2%2Fcomments&post=3441"}],"version-history":[{"count":5,"href":"https:\/\/www.delikatessen-nussbaumer.at\/index.php?rest_route=\/wp\/v2\/product\/3441\/revisions"}],"predecessor-version":[{"id":4224,"href":"https:\/\/www.delikatessen-nussbaumer.at\/index.php?rest_route=\/wp\/v2\/product\/3441\/revisions\/4224"}],"wp:featuredmedia":[{"embeddable":true,"href":"https:\/\/www.delikatessen-nussbaumer.at\/index.php?rest_route=\/wp\/v2\/media\/3515"}],"wp:attachment":[{"href":"https:\/\/www.delikatessen-nussbaumer.at\/index.php?rest_route=%2Fwp%2Fv2%2Fmedia&parent=3441"}],"wp:term":[{"taxonomy":"product_brand","embeddable":true,"href":"https:\/\/www.delikatessen-nussbaumer.at\/index.php?rest_route=%2Fwp%2Fv2%2Fproduct_brand&post=3441"},{"taxonomy":"product_cat","embeddable":true,"href":"https:\/\/www.delikatessen-nussbaumer.at\/index.php?rest_route=%2Fwp%2Fv2%2Fproduct_cat&post=3441"},{"taxonomy":"product_tag","embeddable":true,"href":"https:\/\/www.delikatessen-nussbaumer.at\/index.php?rest_route=%2Fwp%2Fv2%2Fproduct_tag&post=3441"}],"curies":[{"name":"wp","href":"https:\/\/api.w.org\/{rel}","templated":true}]}}