{"id":3439,"date":"2021-02-23T18:48:57","date_gmt":"2021-02-23T17:48:57","guid":{"rendered":"https:\/\/www.delikatessen-nussbaumer.at\/graz\/product\/raclette\/"},"modified":"2023-04-26T12:39:41","modified_gmt":"2023-04-26T10:39:41","slug":"raclette","status":"publish","type":"product","link":"https:\/\/www.delikatessen-nussbaumer.at\/?product=raclette&lang=de","title":{"rendered":"Raclette (Schweiz) &#8211; 300gm"},"content":{"rendered":"<p><strong>N\u00e4hrwerte:<br \/>\n<\/strong>1054kj\/359kcal<br \/>\nFett: 27.9g davon ges\u00e4ttigte Fetts\u00e4uren 17g<br \/>\nKohlenhydrate 0,7g davon Zucker: 0,7g<br \/>\nEiweiss: 26,4g<br \/>\nSalz: 1,5g<\/p>\n<p><strong>Zutaten:<br \/>\n<\/strong>Kuhmilch &#8211; Roh<br \/>\nKulturen<br \/>\nLab<br \/>\nSalz<br \/>\nF.I.T: 50%<\/p>\n","protected":false},"excerpt":{"rendered":"<p>Raclette ist ein leichtschmelzender K\u00e4se. Der Geschmack ist w\u00fcrzig-mild und nicht ausgepr\u00e4gt scharf<\/p>\n","protected":false},"featured_media":3743,"comment_status":"open","ping_status":"closed","template":"","meta":[],"product_brand":[],"product_cat":[107,155],"product_tag":[],"class_list":{"0":"post-3439","1":"product","2":"type-product","3":"status-publish","4":"has-post-thumbnail","6":"product_cat-kaese","7":"product_cat-kuhmilchkaese","9":"first","10":"instock","11":"taxable","12":"shipping-taxable","13":"purchasable","14":"product-type-simple"},"_links":{"self":[{"href":"https:\/\/www.delikatessen-nussbaumer.at\/index.php?rest_route=\/wp\/v2\/product\/3439","targetHints":{"allow":["GET"]}}],"collection":[{"href":"https:\/\/www.delikatessen-nussbaumer.at\/index.php?rest_route=\/wp\/v2\/product"}],"about":[{"href":"https:\/\/www.delikatessen-nussbaumer.at\/index.php?rest_route=\/wp\/v2\/types\/product"}],"replies":[{"embeddable":true,"href":"https:\/\/www.delikatessen-nussbaumer.at\/index.php?rest_route=%2Fwp%2Fv2%2Fcomments&post=3439"}],"version-history":[{"count":6,"href":"https:\/\/www.delikatessen-nussbaumer.at\/index.php?rest_route=\/wp\/v2\/product\/3439\/revisions"}],"predecessor-version":[{"id":4228,"href":"https:\/\/www.delikatessen-nussbaumer.at\/index.php?rest_route=\/wp\/v2\/product\/3439\/revisions\/4228"}],"wp:featuredmedia":[{"embeddable":true,"href":"https:\/\/www.delikatessen-nussbaumer.at\/index.php?rest_route=\/wp\/v2\/media\/3743"}],"wp:attachment":[{"href":"https:\/\/www.delikatessen-nussbaumer.at\/index.php?rest_route=%2Fwp%2Fv2%2Fmedia&parent=3439"}],"wp:term":[{"taxonomy":"product_brand","embeddable":true,"href":"https:\/\/www.delikatessen-nussbaumer.at\/index.php?rest_route=%2Fwp%2Fv2%2Fproduct_brand&post=3439"},{"taxonomy":"product_cat","embeddable":true,"href":"https:\/\/www.delikatessen-nussbaumer.at\/index.php?rest_route=%2Fwp%2Fv2%2Fproduct_cat&post=3439"},{"taxonomy":"product_tag","embeddable":true,"href":"https:\/\/www.delikatessen-nussbaumer.at\/index.php?rest_route=%2Fwp%2Fv2%2Fproduct_tag&post=3439"}],"curies":[{"name":"wp","href":"https:\/\/api.w.org\/{rel}","templated":true}]}}