{"id":3431,"date":"2021-02-23T18:48:51","date_gmt":"2021-02-23T17:48:51","guid":{"rendered":"https:\/\/www.delikatessen-nussbaumer.at\/graz\/product\/comte-aop\/"},"modified":"2025-04-05T13:14:50","modified_gmt":"2025-04-05T11:14:50","slug":"comte-aop","status":"publish","type":"product","link":"https:\/\/www.delikatessen-nussbaumer.at\/?product=comte-aop&lang=de","title":{"rendered":"Comt\u00e9 AOP 10-15 Monate gereift &#8211; 200gm"},"content":{"rendered":"<p><strong>N\u00e4hrwerte:<\/strong><br \/>\n1771 kj\/427 kcal<br \/>\nFett: 35g, davon ges\u00e4ttigte Fetts\u00e4uren: 23g<br \/>\nKolenhydrate: 1g davon Zucker: 0.0g<br \/>\nEiwe\u00df: 27g<br \/>\nSalz: 0,76g<\/p>\n<div class=\"page\" title=\"Page 25\"><\/div>\n<p><strong>Zutaten:<br \/>\n<\/strong>Kuhmilch &#8211; Roh<br \/>\nKulturen<br \/>\nLab (Tierisch, Kalb)<br \/>\nSalz<br \/>\nF.I.T: 50%<\/p>\n","protected":false},"excerpt":{"rendered":"<p>Bergk\u00e4se aus Region Franche-Comt\u00e9 .Geschmack kr\u00e4ftig und herzhaft. 10-15 Monate gereift.<\/p>\n","protected":false},"featured_media":5355,"comment_status":"open","ping_status":"closed","template":"","meta":[],"product_brand":[],"product_cat":[107,155],"product_tag":[],"class_list":{"0":"post-3431","1":"product","2":"type-product","3":"status-publish","4":"has-post-thumbnail","6":"product_cat-kaese","7":"product_cat-kuhmilchkaese","9":"first","10":"instock","11":"taxable","12":"shipping-taxable","13":"purchasable","14":"product-type-simple"},"_links":{"self":[{"href":"https:\/\/www.delikatessen-nussbaumer.at\/index.php?rest_route=\/wp\/v2\/product\/3431","targetHints":{"allow":["GET"]}}],"collection":[{"href":"https:\/\/www.delikatessen-nussbaumer.at\/index.php?rest_route=\/wp\/v2\/product"}],"about":[{"href":"https:\/\/www.delikatessen-nussbaumer.at\/index.php?rest_route=\/wp\/v2\/types\/product"}],"replies":[{"embeddable":true,"href":"https:\/\/www.delikatessen-nussbaumer.at\/index.php?rest_route=%2Fwp%2Fv2%2Fcomments&post=3431"}],"version-history":[{"count":8,"href":"https:\/\/www.delikatessen-nussbaumer.at\/index.php?rest_route=\/wp\/v2\/product\/3431\/revisions"}],"predecessor-version":[{"id":4611,"href":"https:\/\/www.delikatessen-nussbaumer.at\/index.php?rest_route=\/wp\/v2\/product\/3431\/revisions\/4611"}],"wp:featuredmedia":[{"embeddable":true,"href":"https:\/\/www.delikatessen-nussbaumer.at\/index.php?rest_route=\/wp\/v2\/media\/5355"}],"wp:attachment":[{"href":"https:\/\/www.delikatessen-nussbaumer.at\/index.php?rest_route=%2Fwp%2Fv2%2Fmedia&parent=3431"}],"wp:term":[{"taxonomy":"product_brand","embeddable":true,"href":"https:\/\/www.delikatessen-nussbaumer.at\/index.php?rest_route=%2Fwp%2Fv2%2Fproduct_brand&post=3431"},{"taxonomy":"product_cat","embeddable":true,"href":"https:\/\/www.delikatessen-nussbaumer.at\/index.php?rest_route=%2Fwp%2Fv2%2Fproduct_cat&post=3431"},{"taxonomy":"product_tag","embeddable":true,"href":"https:\/\/www.delikatessen-nussbaumer.at\/index.php?rest_route=%2Fwp%2Fv2%2Fproduct_tag&post=3431"}],"curies":[{"name":"wp","href":"https:\/\/api.w.org\/{rel}","templated":true}]}}