{"id":3412,"date":"2021-02-23T18:48:37","date_gmt":"2021-02-23T17:48:37","guid":{"rendered":"https:\/\/www.delikatessen-nussbaumer.at\/graz\/product\/delice-dargental-2\/"},"modified":"2025-04-05T13:14:51","modified_gmt":"2025-04-05T11:14:51","slug":"delice-dargental-2","status":"publish","type":"product","link":"https:\/\/www.delikatessen-nussbaumer.at\/?product=delice-dargental-2&lang=de","title":{"rendered":"D\u00e9lice D&#8217;Argental &#8211; 1 St\u00fcck"},"content":{"rendered":"<p><strong>N\u00e4hrwerte:<\/strong><br \/>\n1629 kj\/395 kcal<br \/>\nFett: 40g, davon ges\u00e4ttigte Fetts\u00e4uren: 27g<br \/>\nKolenhydrate: 3g davon Zucker: 0g<br \/>\nEiwe\u00df: 8g<br \/>\nSalz: 1g<\/p>\n<p><strong>Zutaten:<br \/>\n<\/strong>Kuhmilch &#8211; Pasteurisiert<br \/>\nSahne<br \/>\nLab (Tierisch, Kalb)<br \/>\nKulturen<br \/>\nLab<br \/>\nF.I.T: 75%<\/p>\n","protected":false},"excerpt":{"rendered":"<p>Dieser Weinbergk\u00e4se aus pasteurisierter Milch wurde handgesch\u00f6pft und ist im Geschmack extra cremig und fein schmelzend.<\/p>\n","protected":false},"featured_media":3683,"comment_status":"open","ping_status":"closed","template":"","meta":[],"product_brand":[],"product_cat":[107,155],"product_tag":[],"class_list":{"0":"post-3412","1":"product","2":"type-product","3":"status-publish","4":"has-post-thumbnail","6":"product_cat-kaese","7":"product_cat-kuhmilchkaese","9":"first","10":"instock","11":"taxable","12":"shipping-taxable","13":"purchasable","14":"product-type-simple"},"_links":{"self":[{"href":"https:\/\/www.delikatessen-nussbaumer.at\/index.php?rest_route=\/wp\/v2\/product\/3412","targetHints":{"allow":["GET"]}}],"collection":[{"href":"https:\/\/www.delikatessen-nussbaumer.at\/index.php?rest_route=\/wp\/v2\/product"}],"about":[{"href":"https:\/\/www.delikatessen-nussbaumer.at\/index.php?rest_route=\/wp\/v2\/types\/product"}],"replies":[{"embeddable":true,"href":"https:\/\/www.delikatessen-nussbaumer.at\/index.php?rest_route=%2Fwp%2Fv2%2Fcomments&post=3412"}],"version-history":[{"count":5,"href":"https:\/\/www.delikatessen-nussbaumer.at\/index.php?rest_route=\/wp\/v2\/product\/3412\/revisions"}],"predecessor-version":[{"id":4281,"href":"https:\/\/www.delikatessen-nussbaumer.at\/index.php?rest_route=\/wp\/v2\/product\/3412\/revisions\/4281"}],"wp:featuredmedia":[{"embeddable":true,"href":"https:\/\/www.delikatessen-nussbaumer.at\/index.php?rest_route=\/wp\/v2\/media\/3683"}],"wp:attachment":[{"href":"https:\/\/www.delikatessen-nussbaumer.at\/index.php?rest_route=%2Fwp%2Fv2%2Fmedia&parent=3412"}],"wp:term":[{"taxonomy":"product_brand","embeddable":true,"href":"https:\/\/www.delikatessen-nussbaumer.at\/index.php?rest_route=%2Fwp%2Fv2%2Fproduct_brand&post=3412"},{"taxonomy":"product_cat","embeddable":true,"href":"https:\/\/www.delikatessen-nussbaumer.at\/index.php?rest_route=%2Fwp%2Fv2%2Fproduct_cat&post=3412"},{"taxonomy":"product_tag","embeddable":true,"href":"https:\/\/www.delikatessen-nussbaumer.at\/index.php?rest_route=%2Fwp%2Fv2%2Fproduct_tag&post=3412"}],"curies":[{"name":"wp","href":"https:\/\/api.w.org\/{rel}","templated":true}]}}