{"id":3300,"date":"2021-02-23T09:42:31","date_gmt":"2021-02-23T08:42:31","guid":{"rendered":"https:\/\/www.delikatessen-nussbaumer.at\/graz\/product\/coeur-gourmand\/"},"modified":"2023-06-06T20:53:35","modified_gmt":"2023-06-06T18:53:35","slug":"coeur-gourmand","status":"publish","type":"product","link":"https:\/\/www.delikatessen-nussbaumer.at\/?product=coeur-gourmand&lang=de","title":{"rendered":"Coeur Gourmand &#8211;"},"content":{"rendered":"<p><strong>N\u00e4hrwerte:<\/strong><br \/>\n886kj\/212kcal<br \/>\nFett: 12g, davon ges\u00e4ttigte Fetts\u00e4uren: 9g<br \/>\nKolenhydrate: 15g davon Zucker: 11g<br \/>\nEiwe\u00df: 11g<br \/>\nSalz: 0,2g<\/p>\n<p><strong>Zutaten:<br \/>\n<\/strong>Ziegenmilch &#8211; Pasteurisiert<br \/>\nZucker<br \/>\nFeige oder Zitronen oder Marille<br \/>\nLab (Tierisch, Kalb)<br \/>\nMilchs\u00e4urebakterien<br \/>\nSalz<br \/>\nF.I.T: 45%<\/p>\n","protected":false},"excerpt":{"rendered":"<p>K\u00f6stliche handgesch\u00f6pfte k\u00e4se mit feigen oder Zitronen oder Marillen paste geff\u00fcllt<\/p>\n","protected":false},"featured_media":5490,"comment_status":"open","ping_status":"closed","template":"","meta":[],"product_brand":[],"product_cat":[107,162],"product_tag":[],"class_list":{"0":"post-3300","1":"product","2":"type-product","3":"status-publish","4":"has-post-thumbnail","6":"product_cat-kaese","7":"product_cat-ziegenmilchkaese","9":"first","10":"instock","11":"taxable","12":"shipping-taxable","13":"purchasable","14":"product-type-simple"},"_links":{"self":[{"href":"https:\/\/www.delikatessen-nussbaumer.at\/index.php?rest_route=\/wp\/v2\/product\/3300","targetHints":{"allow":["GET"]}}],"collection":[{"href":"https:\/\/www.delikatessen-nussbaumer.at\/index.php?rest_route=\/wp\/v2\/product"}],"about":[{"href":"https:\/\/www.delikatessen-nussbaumer.at\/index.php?rest_route=\/wp\/v2\/types\/product"}],"replies":[{"embeddable":true,"href":"https:\/\/www.delikatessen-nussbaumer.at\/index.php?rest_route=%2Fwp%2Fv2%2Fcomments&post=3300"}],"version-history":[{"count":6,"href":"https:\/\/www.delikatessen-nussbaumer.at\/index.php?rest_route=\/wp\/v2\/product\/3300\/revisions"}],"predecessor-version":[{"id":5491,"href":"https:\/\/www.delikatessen-nussbaumer.at\/index.php?rest_route=\/wp\/v2\/product\/3300\/revisions\/5491"}],"wp:featuredmedia":[{"embeddable":true,"href":"https:\/\/www.delikatessen-nussbaumer.at\/index.php?rest_route=\/wp\/v2\/media\/5490"}],"wp:attachment":[{"href":"https:\/\/www.delikatessen-nussbaumer.at\/index.php?rest_route=%2Fwp%2Fv2%2Fmedia&parent=3300"}],"wp:term":[{"taxonomy":"product_brand","embeddable":true,"href":"https:\/\/www.delikatessen-nussbaumer.at\/index.php?rest_route=%2Fwp%2Fv2%2Fproduct_brand&post=3300"},{"taxonomy":"product_cat","embeddable":true,"href":"https:\/\/www.delikatessen-nussbaumer.at\/index.php?rest_route=%2Fwp%2Fv2%2Fproduct_cat&post=3300"},{"taxonomy":"product_tag","embeddable":true,"href":"https:\/\/www.delikatessen-nussbaumer.at\/index.php?rest_route=%2Fwp%2Fv2%2Fproduct_tag&post=3300"}],"curies":[{"name":"wp","href":"https:\/\/api.w.org\/{rel}","templated":true}]}}