{"id":2780,"date":"2021-02-07T14:02:02","date_gmt":"2021-02-07T13:02:02","guid":{"rendered":"https:\/\/www.delikatessen-nussbaumer.at\/graz\/product\/mayonnaise-trueffel\/"},"modified":"2023-12-08T09:36:11","modified_gmt":"2023-12-08T08:36:11","slug":"mayonnaise-trueffel","status":"publish","type":"product","link":"https:\/\/www.delikatessen-nussbaumer.at\/?product=mayonnaise-trueffel&lang=de","title":{"rendered":"La D\u00e9licieuse &#8211; Mayonnaise Tr\u00fcffel 250ml"},"content":{"rendered":"<p><strong>Zutaten:<\/strong><br \/>\nRaps\u00f6l<br \/>\nWasser<br \/>\nSENF (Wasser, SENFk\u00f6rner, Essig, Salz, Kurkuma)<br \/>\nEIGELB Pulver<br \/>\nEssig<br \/>\nSommertr\u00fcffel 1.4% (Sommertr\u00fcffel 75%, Oliven\u00f6l, Salz, ,Aroma)<br \/>\nSalz<br \/>\nTr\u00fcffelaroma (0,15%)<br \/>\nKonservierungsmittel : Kaliumsorbat, nat\u00fcrliche Extrakte aus Pfeffer<br \/>\nVerdickungsmittel : Xanthan<br \/>\nAntioxidationsmittel : EDTA<br \/>\nKann Spuren von Weizen, Soja, Sellerie, Milch enthalten<\/p>\n<p><strong>Durchschnittliche N\u00e4hrwerte pro 100g\/ml:<br \/>\n<\/strong>Energie: 309 KJ (724 kcal)<br \/>\nFett: 80 g<br \/>\nDavon ges\u00e4ttigte Fetts\u00e4uren: 6,8 g<br \/>\nKohlenhydrate: 0.2 g<br \/>\nDavon Zucker:<br \/>\nEiwei\u00df: 1,2 g<br \/>\nSalz: 0,99 g<\/p>\n","protected":false},"excerpt":{"rendered":"<p>Mayonnaise<\/p>\n","protected":false},"featured_media":2779,"comment_status":"open","ping_status":"closed","template":"","meta":[],"product_brand":[],"product_cat":[99],"product_tag":[],"class_list":{"0":"post-2780","1":"product","2":"type-product","3":"status-publish","4":"has-post-thumbnail","6":"product_cat-antipasti","8":"first","9":"instock","10":"taxable","11":"shipping-taxable","12":"purchasable","13":"product-type-simple"},"_links":{"self":[{"href":"https:\/\/www.delikatessen-nussbaumer.at\/index.php?rest_route=\/wp\/v2\/product\/2780","targetHints":{"allow":["GET"]}}],"collection":[{"href":"https:\/\/www.delikatessen-nussbaumer.at\/index.php?rest_route=\/wp\/v2\/product"}],"about":[{"href":"https:\/\/www.delikatessen-nussbaumer.at\/index.php?rest_route=\/wp\/v2\/types\/product"}],"replies":[{"embeddable":true,"href":"https:\/\/www.delikatessen-nussbaumer.at\/index.php?rest_route=%2Fwp%2Fv2%2Fcomments&post=2780"}],"version-history":[{"count":5,"href":"https:\/\/www.delikatessen-nussbaumer.at\/index.php?rest_route=\/wp\/v2\/product\/2780\/revisions"}],"predecessor-version":[{"id":4755,"href":"https:\/\/www.delikatessen-nussbaumer.at\/index.php?rest_route=\/wp\/v2\/product\/2780\/revisions\/4755"}],"wp:featuredmedia":[{"embeddable":true,"href":"https:\/\/www.delikatessen-nussbaumer.at\/index.php?rest_route=\/wp\/v2\/media\/2779"}],"wp:attachment":[{"href":"https:\/\/www.delikatessen-nussbaumer.at\/index.php?rest_route=%2Fwp%2Fv2%2Fmedia&parent=2780"}],"wp:term":[{"taxonomy":"product_brand","embeddable":true,"href":"https:\/\/www.delikatessen-nussbaumer.at\/index.php?rest_route=%2Fwp%2Fv2%2Fproduct_brand&post=2780"},{"taxonomy":"product_cat","embeddable":true,"href":"https:\/\/www.delikatessen-nussbaumer.at\/index.php?rest_route=%2Fwp%2Fv2%2Fproduct_cat&post=2780"},{"taxonomy":"product_tag","embeddable":true,"href":"https:\/\/www.delikatessen-nussbaumer.at\/index.php?rest_route=%2Fwp%2Fv2%2Fproduct_tag&post=2780"}],"curies":[{"name":"wp","href":"https:\/\/api.w.org\/{rel}","templated":true}]}}