{"id":2631,"date":"2021-02-07T13:59:00","date_gmt":"2021-02-07T12:59:00","guid":{"rendered":"https:\/\/www.delikatessen-nussbaumer.at\/graz\/product\/olivenoel-mit-weissen-trueffeln-aroma\/"},"modified":"2024-02-05T20:26:01","modified_gmt":"2024-02-05T19:26:01","slug":"olivenoel-mit-weissen-trueffeln-aroma","status":"publish","type":"product","link":"https:\/\/www.delikatessen-nussbaumer.at\/?product=olivenoel-mit-weissen-trueffeln-aroma&lang=de","title":{"rendered":"Marini Tartufi &#8211; Oliven\u00f6l mit wei\u00dfen Tr\u00fcffeln Aroma 55ml"},"content":{"rendered":"<p><strong>Zutaten:<\/strong><br \/>\nextravergine Olivenol<br \/>\nAroma<\/p>\n<p><strong>Durchschnittliche N\u00e4hrwerte pro 100g\/ml:<br \/>\n<\/strong>Energie:<br \/>\nFett:<br \/>\nDavon ges\u00e4ttigte Fetts\u00e4uren:<br \/>\nKohlenhydrate:<br \/>\nDavon Zucker:<br \/>\nEiwei\u00df:<br \/>\nSalz:<\/p>\n","protected":false},"excerpt":{"rendered":"<p>Oliven\u00f6l mit wei\u00dfen Tr\u00fcffeln Aroma<\/p>\n","protected":false},"featured_media":2630,"comment_status":"open","ping_status":"closed","template":"","meta":[],"product_brand":[],"product_cat":[91,156],"product_tag":[],"class_list":{"0":"post-2631","1":"product","2":"type-product","3":"status-publish","4":"has-post-thumbnail","6":"product_cat-oil-essig","7":"product_cat-trueffel-produkte","9":"first","10":"outofstock","11":"taxable","12":"shipping-taxable","13":"purchasable","14":"product-type-simple"},"_links":{"self":[{"href":"https:\/\/www.delikatessen-nussbaumer.at\/index.php?rest_route=\/wp\/v2\/product\/2631","targetHints":{"allow":["GET"]}}],"collection":[{"href":"https:\/\/www.delikatessen-nussbaumer.at\/index.php?rest_route=\/wp\/v2\/product"}],"about":[{"href":"https:\/\/www.delikatessen-nussbaumer.at\/index.php?rest_route=\/wp\/v2\/types\/product"}],"replies":[{"embeddable":true,"href":"https:\/\/www.delikatessen-nussbaumer.at\/index.php?rest_route=%2Fwp%2Fv2%2Fcomments&post=2631"}],"version-history":[{"count":5,"href":"https:\/\/www.delikatessen-nussbaumer.at\/index.php?rest_route=\/wp\/v2\/product\/2631\/revisions"}],"predecessor-version":[{"id":4903,"href":"https:\/\/www.delikatessen-nussbaumer.at\/index.php?rest_route=\/wp\/v2\/product\/2631\/revisions\/4903"}],"wp:featuredmedia":[{"embeddable":true,"href":"https:\/\/www.delikatessen-nussbaumer.at\/index.php?rest_route=\/wp\/v2\/media\/2630"}],"wp:attachment":[{"href":"https:\/\/www.delikatessen-nussbaumer.at\/index.php?rest_route=%2Fwp%2Fv2%2Fmedia&parent=2631"}],"wp:term":[{"taxonomy":"product_brand","embeddable":true,"href":"https:\/\/www.delikatessen-nussbaumer.at\/index.php?rest_route=%2Fwp%2Fv2%2Fproduct_brand&post=2631"},{"taxonomy":"product_cat","embeddable":true,"href":"https:\/\/www.delikatessen-nussbaumer.at\/index.php?rest_route=%2Fwp%2Fv2%2Fproduct_cat&post=2631"},{"taxonomy":"product_tag","embeddable":true,"href":"https:\/\/www.delikatessen-nussbaumer.at\/index.php?rest_route=%2Fwp%2Fv2%2Fproduct_tag&post=2631"}],"curies":[{"name":"wp","href":"https:\/\/api.w.org\/{rel}","templated":true}]}}