{"id":2472,"date":"2021-02-07T11:00:52","date_gmt":"2021-02-07T10:00:52","guid":{"rendered":"https:\/\/www.delikatessen-nussbaumer.at\/graz\/product\/stilton-clawson-7-9-wochen-gereift-in-keramik-krug\/"},"modified":"2025-08-11T10:45:44","modified_gmt":"2025-08-11T08:45:44","slug":"stilton-clawson","status":"publish","type":"product","link":"https:\/\/www.delikatessen-nussbaumer.at\/?product=stilton-clawson&lang=de","title":{"rendered":"Potted Blue Stilton in Keramik Krug 100g &#8211; Clawson"},"content":{"rendered":"<p><strong>N\u00e4hrwerte:<br \/>\n<\/strong>1700kj\/410kcal<br \/>\nFett: 35g davonges\u00e4ttige Fetts\u00e4uren 23g<br \/>\nKohlenhydrate:0.1g davon Zucker 0.1g<br \/>\nEiwei\u00df 23.7g<br \/>\nSalz: 2g<\/p>\n<p><strong>Zutaten:<br \/>\n<\/strong>Kuhmilch \u2013\u00a0Pasteurisiert<br \/>\nKulturen<br \/>\nLab<br \/>\nSalz<br \/>\nF.I.T: 50%<strong><\/p>\n<p><\/strong><\/p>\n","protected":false},"excerpt":{"rendered":"<p>Blauschimmelk\u00e4se aus Kuhmilch. Er ist l\u00e4nger gereift und ist weich, kr\u00e4ftig, und cremig.<\/p>\n","protected":false},"featured_media":5352,"comment_status":"open","ping_status":"closed","template":"","meta":[],"product_brand":[],"product_cat":[107,155],"product_tag":[],"class_list":{"0":"post-2472","1":"product","2":"type-product","3":"status-publish","4":"has-post-thumbnail","6":"product_cat-kaese","7":"product_cat-kuhmilchkaese","9":"first","10":"outofstock","11":"taxable","12":"shipping-taxable","13":"purchasable","14":"product-type-simple"},"_links":{"self":[{"href":"https:\/\/www.delikatessen-nussbaumer.at\/index.php?rest_route=\/wp\/v2\/product\/2472","targetHints":{"allow":["GET"]}}],"collection":[{"href":"https:\/\/www.delikatessen-nussbaumer.at\/index.php?rest_route=\/wp\/v2\/product"}],"about":[{"href":"https:\/\/www.delikatessen-nussbaumer.at\/index.php?rest_route=\/wp\/v2\/types\/product"}],"replies":[{"embeddable":true,"href":"https:\/\/www.delikatessen-nussbaumer.at\/index.php?rest_route=%2Fwp%2Fv2%2Fcomments&post=2472"}],"version-history":[{"count":6,"href":"https:\/\/www.delikatessen-nussbaumer.at\/index.php?rest_route=\/wp\/v2\/product\/2472\/revisions"}],"predecessor-version":[{"id":5351,"href":"https:\/\/www.delikatessen-nussbaumer.at\/index.php?rest_route=\/wp\/v2\/product\/2472\/revisions\/5351"}],"wp:featuredmedia":[{"embeddable":true,"href":"https:\/\/www.delikatessen-nussbaumer.at\/index.php?rest_route=\/wp\/v2\/media\/5352"}],"wp:attachment":[{"href":"https:\/\/www.delikatessen-nussbaumer.at\/index.php?rest_route=%2Fwp%2Fv2%2Fmedia&parent=2472"}],"wp:term":[{"taxonomy":"product_brand","embeddable":true,"href":"https:\/\/www.delikatessen-nussbaumer.at\/index.php?rest_route=%2Fwp%2Fv2%2Fproduct_brand&post=2472"},{"taxonomy":"product_cat","embeddable":true,"href":"https:\/\/www.delikatessen-nussbaumer.at\/index.php?rest_route=%2Fwp%2Fv2%2Fproduct_cat&post=2472"},{"taxonomy":"product_tag","embeddable":true,"href":"https:\/\/www.delikatessen-nussbaumer.at\/index.php?rest_route=%2Fwp%2Fv2%2Fproduct_tag&post=2472"}],"curies":[{"name":"wp","href":"https:\/\/api.w.org\/{rel}","templated":true}]}}