{"id":2464,"date":"2021-02-07T11:00:44","date_gmt":"2021-02-07T10:00:44","guid":{"rendered":"https:\/\/www.delikatessen-nussbaumer.at\/graz\/product\/steirisches-kuerbiskernoel\/"},"modified":"2025-10-17T08:42:45","modified_gmt":"2025-10-17T06:42:45","slug":"steirisches-kuerbiskernoel","status":"publish","type":"product","link":"https:\/\/www.delikatessen-nussbaumer.at\/?product=steirisches-kuerbiskernoel&lang=de","title":{"rendered":"Esterer &#8211; Steirisches K\u00fcrbiskern\u00f6l 100ml"},"content":{"rendered":"<p><strong>N\u00e4hrwerte:<\/strong><br \/>\n3693kJ\/898kcal<br \/>\nFett 99,6g<br \/>\ndavon ges\u00e4ttigte Fetts\u00e4uren 17g<br \/>\ndavon einfach unges\u00e4ttigte Fetts\u00e4uren 34g<br \/>\ndavon mehrfach unges\u00e4ttigte Fetts\u00e4uren<br \/>\nKohlenhydrate 0g<br \/>\ndavon Zucker 0g<br \/>\nEiwei\u00df 0g<br \/>\nSalz 0g<\/p>\n<p><strong>Zutaten:<\/strong><\/p>\n<p>100% \u00d6l aus schalenlos gewaschenen K\u00fcrbiskernen aus der Steiermark, traditionell hergestellt.<\/p>\n","protected":false},"excerpt":{"rendered":"<p>Steirisches K\u00fcrbiskern\u00f6l aus 100% steirischen K\u00fcrbiskernen aus einem gesch\u00fctztem Anbaugebiet.<\/p>\n","protected":false},"featured_media":5954,"comment_status":"open","ping_status":"closed","template":"","meta":[],"product_brand":[],"product_cat":[91],"product_tag":[],"class_list":{"0":"post-2464","1":"product","2":"type-product","3":"status-publish","4":"has-post-thumbnail","6":"product_cat-oil-essig","8":"first","9":"instock","10":"taxable","11":"shipping-taxable","12":"purchasable","13":"product-type-simple"},"_links":{"self":[{"href":"https:\/\/www.delikatessen-nussbaumer.at\/index.php?rest_route=\/wp\/v2\/product\/2464","targetHints":{"allow":["GET"]}}],"collection":[{"href":"https:\/\/www.delikatessen-nussbaumer.at\/index.php?rest_route=\/wp\/v2\/product"}],"about":[{"href":"https:\/\/www.delikatessen-nussbaumer.at\/index.php?rest_route=\/wp\/v2\/types\/product"}],"replies":[{"embeddable":true,"href":"https:\/\/www.delikatessen-nussbaumer.at\/index.php?rest_route=%2Fwp%2Fv2%2Fcomments&post=2464"}],"version-history":[{"count":7,"href":"https:\/\/www.delikatessen-nussbaumer.at\/index.php?rest_route=\/wp\/v2\/product\/2464\/revisions"}],"predecessor-version":[{"id":5938,"href":"https:\/\/www.delikatessen-nussbaumer.at\/index.php?rest_route=\/wp\/v2\/product\/2464\/revisions\/5938"}],"wp:featuredmedia":[{"embeddable":true,"href":"https:\/\/www.delikatessen-nussbaumer.at\/index.php?rest_route=\/wp\/v2\/media\/5954"}],"wp:attachment":[{"href":"https:\/\/www.delikatessen-nussbaumer.at\/index.php?rest_route=%2Fwp%2Fv2%2Fmedia&parent=2464"}],"wp:term":[{"taxonomy":"product_brand","embeddable":true,"href":"https:\/\/www.delikatessen-nussbaumer.at\/index.php?rest_route=%2Fwp%2Fv2%2Fproduct_brand&post=2464"},{"taxonomy":"product_cat","embeddable":true,"href":"https:\/\/www.delikatessen-nussbaumer.at\/index.php?rest_route=%2Fwp%2Fv2%2Fproduct_cat&post=2464"},{"taxonomy":"product_tag","embeddable":true,"href":"https:\/\/www.delikatessen-nussbaumer.at\/index.php?rest_route=%2Fwp%2Fv2%2Fproduct_tag&post=2464"}],"curies":[{"name":"wp","href":"https:\/\/api.w.org\/{rel}","templated":true}]}}