{"id":2335,"date":"2021-02-07T10:58:34","date_gmt":"2021-02-07T09:58:34","guid":{"rendered":"https:\/\/www.delikatessen-nussbaumer.at\/graz\/product\/die-echten-blaetterteig-salzstegli-kaese\/"},"modified":"2024-02-05T20:08:26","modified_gmt":"2024-02-05T19:08:26","slug":"die-echten-blaetterteig-salzstegli-kaese","status":"publish","type":"product","link":"https:\/\/www.delikatessen-nussbaumer.at\/?product=die-echten-blaetterteig-salzstegli-kaese&lang=de","title":{"rendered":"Die Echten Bl\u00e4tterteig 125g &#8211; Salzstegli K\u00e4se"},"content":{"rendered":"<p><strong>N\u00e4hrwerte:<\/strong><br \/>\n2010kJ\/479kcal<br \/>\nFett 25g<br \/>\ndavon ges\u00e4ttigte Fetts\u00e4uren 12g<br \/>\nKohlenhydrate 54g<br \/>\ndavon Zucker 4g<br \/>\nBallaststoffe 3g<br \/>\nEiwei\u00df 14g<br \/>\nSalz 2,5g<\/p>\n<p><strong>Zutaten:<\/strong><br \/>\nWeizenmehl<br \/>\nButter 24%<br \/>\nMagermilchpulver<br \/>\nHefe<br \/>\nSalz<br \/>\nGerstenmalzextrakt<br \/>\nKann Spuren von Sesam enthalten.<\/p>\n","protected":false},"excerpt":{"rendered":"<p>Bl\u00e4tterteigsalzstangen mit K\u00e4se aus der Schweiz<\/p>\n","protected":false},"featured_media":2334,"comment_status":"open","ping_status":"closed","template":"","meta":[],"product_brand":[],"product_cat":[151],"product_tag":[],"class_list":{"0":"post-2335","1":"product","2":"type-product","3":"status-publish","4":"has-post-thumbnail","6":"product_cat-knabbergebaeck","8":"first","9":"outofstock","10":"taxable","11":"shipping-taxable","12":"purchasable","13":"product-type-simple"},"_links":{"self":[{"href":"https:\/\/www.delikatessen-nussbaumer.at\/index.php?rest_route=\/wp\/v2\/product\/2335","targetHints":{"allow":["GET"]}}],"collection":[{"href":"https:\/\/www.delikatessen-nussbaumer.at\/index.php?rest_route=\/wp\/v2\/product"}],"about":[{"href":"https:\/\/www.delikatessen-nussbaumer.at\/index.php?rest_route=\/wp\/v2\/types\/product"}],"replies":[{"embeddable":true,"href":"https:\/\/www.delikatessen-nussbaumer.at\/index.php?rest_route=%2Fwp%2Fv2%2Fcomments&post=2335"}],"version-history":[{"count":4,"href":"https:\/\/www.delikatessen-nussbaumer.at\/index.php?rest_route=\/wp\/v2\/product\/2335\/revisions"}],"predecessor-version":[{"id":4453,"href":"https:\/\/www.delikatessen-nussbaumer.at\/index.php?rest_route=\/wp\/v2\/product\/2335\/revisions\/4453"}],"wp:featuredmedia":[{"embeddable":true,"href":"https:\/\/www.delikatessen-nussbaumer.at\/index.php?rest_route=\/wp\/v2\/media\/2334"}],"wp:attachment":[{"href":"https:\/\/www.delikatessen-nussbaumer.at\/index.php?rest_route=%2Fwp%2Fv2%2Fmedia&parent=2335"}],"wp:term":[{"taxonomy":"product_brand","embeddable":true,"href":"https:\/\/www.delikatessen-nussbaumer.at\/index.php?rest_route=%2Fwp%2Fv2%2Fproduct_brand&post=2335"},{"taxonomy":"product_cat","embeddable":true,"href":"https:\/\/www.delikatessen-nussbaumer.at\/index.php?rest_route=%2Fwp%2Fv2%2Fproduct_cat&post=2335"},{"taxonomy":"product_tag","embeddable":true,"href":"https:\/\/www.delikatessen-nussbaumer.at\/index.php?rest_route=%2Fwp%2Fv2%2Fproduct_tag&post=2335"}],"curies":[{"name":"wp","href":"https:\/\/api.w.org\/{rel}","templated":true}]}}