{"id":2329,"date":"2021-02-07T10:58:30","date_gmt":"2021-02-07T09:58:30","guid":{"rendered":"https:\/\/www.delikatessen-nussbaumer.at\/graz\/product\/cumberland-sauce\/"},"modified":"2025-04-05T13:14:30","modified_gmt":"2025-04-05T11:14:30","slug":"cumberland-sauce","status":"publish","type":"product","link":"https:\/\/www.delikatessen-nussbaumer.at\/?product=cumberland-sauce&lang=de","title":{"rendered":"Wilkin &#038; Sons &#8211; Cumberland Sauce 220g"},"content":{"rendered":"<p><strong>N\u00e4hrwerte:<\/strong><br \/>\n1109kJ\/261kcal<br \/>\nFett 0g<br \/>\ndavon ges\u00e4ttigte Fetts\u00e4uren 0g<br \/>\nKohlenhydrate 65g<br \/>\ndavon Zucker 47g<br \/>\nEiwei\u00df 0g<br \/>\nSalz 0g<\/p>\n<p><strong>Zutaten:<\/strong><br \/>\nRoter Johannisbeersaft<br \/>\nZucker<br \/>\nPortwein<br \/>\nOrangen<br \/>\nZitronensaft<br \/>\nGeliermittel: Pektine<br \/>\nGew\u00fcrze<\/p>\n","protected":false},"excerpt":{"rendered":"<p>Tiptree&#8217;s Cumberland Sauce ist eine s\u00fc\u00dfe, w\u00fcrzige und zugleich fruchtige Sauce mit einem markanten Portgeschmack, perfekt um ein jedes Fleischgericht abzurunden.<\/p>\n","protected":false},"featured_media":2328,"comment_status":"open","ping_status":"closed","template":"","meta":[],"product_brand":[],"product_cat":[104],"product_tag":[],"class_list":{"0":"post-2329","1":"product","2":"type-product","3":"status-publish","4":"has-post-thumbnail","6":"product_cat-chutney-kaesebegleitung","8":"first","9":"instock","10":"taxable","11":"shipping-taxable","12":"purchasable","13":"product-type-simple"},"_links":{"self":[{"href":"https:\/\/www.delikatessen-nussbaumer.at\/index.php?rest_route=\/wp\/v2\/product\/2329","targetHints":{"allow":["GET"]}}],"collection":[{"href":"https:\/\/www.delikatessen-nussbaumer.at\/index.php?rest_route=\/wp\/v2\/product"}],"about":[{"href":"https:\/\/www.delikatessen-nussbaumer.at\/index.php?rest_route=\/wp\/v2\/types\/product"}],"replies":[{"embeddable":true,"href":"https:\/\/www.delikatessen-nussbaumer.at\/index.php?rest_route=%2Fwp%2Fv2%2Fcomments&post=2329"}],"version-history":[{"count":3,"href":"https:\/\/www.delikatessen-nussbaumer.at\/index.php?rest_route=\/wp\/v2\/product\/2329\/revisions"}],"predecessor-version":[{"id":4676,"href":"https:\/\/www.delikatessen-nussbaumer.at\/index.php?rest_route=\/wp\/v2\/product\/2329\/revisions\/4676"}],"wp:featuredmedia":[{"embeddable":true,"href":"https:\/\/www.delikatessen-nussbaumer.at\/index.php?rest_route=\/wp\/v2\/media\/2328"}],"wp:attachment":[{"href":"https:\/\/www.delikatessen-nussbaumer.at\/index.php?rest_route=%2Fwp%2Fv2%2Fmedia&parent=2329"}],"wp:term":[{"taxonomy":"product_brand","embeddable":true,"href":"https:\/\/www.delikatessen-nussbaumer.at\/index.php?rest_route=%2Fwp%2Fv2%2Fproduct_brand&post=2329"},{"taxonomy":"product_cat","embeddable":true,"href":"https:\/\/www.delikatessen-nussbaumer.at\/index.php?rest_route=%2Fwp%2Fv2%2Fproduct_cat&post=2329"},{"taxonomy":"product_tag","embeddable":true,"href":"https:\/\/www.delikatessen-nussbaumer.at\/index.php?rest_route=%2Fwp%2Fv2%2Fproduct_tag&post=2329"}],"curies":[{"name":"wp","href":"https:\/\/api.w.org\/{rel}","templated":true}]}}