{"id":2314,"date":"2021-02-07T10:58:19","date_gmt":"2021-02-07T09:58:19","guid":{"rendered":"https:\/\/www.delikatessen-nussbaumer.at\/graz\/product\/beurre-echire-aop-charentes-poitou-gesalzen\/"},"modified":"2025-04-05T13:14:50","modified_gmt":"2025-04-05T11:14:50","slug":"beurre-echire-aop-charentes-poitou-gesalzen","status":"publish","type":"product","link":"https:\/\/www.delikatessen-nussbaumer.at\/?product=beurre-echire-aop-charentes-poitou-gesalzen&lang=de","title":{"rendered":"Gesalzene Butter 250g &#8211; Beurre \u00c9chir\u00e9 AOP"},"content":{"rendered":"<p><strong>N\u00e4hrwerte:<\/strong><\/p>\n<p>2471kj\/723kcl<br \/>\nFett: 80gm<br \/>\ndavon ges\u00e4ttigte Fetts\u00e4uren 58gm<br \/>\nKohlenhydrate:0,5gm<br \/>\ndavon Zucker 0,5gm<br \/>\nEiwei\u00df: 0,6gm<br \/>\nSalz: 1,8gm<\/p>\n<p><strong>Zutaten:<\/strong><\/p>\n<p>Pasteurisierte Sahne aus KUHMILCH<br \/>\nSalz<br \/>\nMilchs\u00e4urenbakterien<\/p>\n","protected":false},"excerpt":{"rendered":"<p>Gesalzene Butter wird mit einem Holzk\u00f6rbchen geliefert.<\/p>\n","protected":false},"featured_media":5411,"comment_status":"open","ping_status":"closed","template":"","meta":[],"product_brand":[],"product_cat":[155],"product_tag":[],"class_list":{"0":"post-2314","1":"product","2":"type-product","3":"status-publish","4":"has-post-thumbnail","6":"product_cat-kuhmilchkaese","8":"first","9":"instock","10":"taxable","11":"shipping-taxable","12":"purchasable","13":"product-type-simple"},"_links":{"self":[{"href":"https:\/\/www.delikatessen-nussbaumer.at\/index.php?rest_route=\/wp\/v2\/product\/2314","targetHints":{"allow":["GET"]}}],"collection":[{"href":"https:\/\/www.delikatessen-nussbaumer.at\/index.php?rest_route=\/wp\/v2\/product"}],"about":[{"href":"https:\/\/www.delikatessen-nussbaumer.at\/index.php?rest_route=\/wp\/v2\/types\/product"}],"replies":[{"embeddable":true,"href":"https:\/\/www.delikatessen-nussbaumer.at\/index.php?rest_route=%2Fwp%2Fv2%2Fcomments&post=2314"}],"version-history":[{"count":4,"href":"https:\/\/www.delikatessen-nussbaumer.at\/index.php?rest_route=\/wp\/v2\/product\/2314\/revisions"}],"predecessor-version":[{"id":5412,"href":"https:\/\/www.delikatessen-nussbaumer.at\/index.php?rest_route=\/wp\/v2\/product\/2314\/revisions\/5412"}],"wp:featuredmedia":[{"embeddable":true,"href":"https:\/\/www.delikatessen-nussbaumer.at\/index.php?rest_route=\/wp\/v2\/media\/5411"}],"wp:attachment":[{"href":"https:\/\/www.delikatessen-nussbaumer.at\/index.php?rest_route=%2Fwp%2Fv2%2Fmedia&parent=2314"}],"wp:term":[{"taxonomy":"product_brand","embeddable":true,"href":"https:\/\/www.delikatessen-nussbaumer.at\/index.php?rest_route=%2Fwp%2Fv2%2Fproduct_brand&post=2314"},{"taxonomy":"product_cat","embeddable":true,"href":"https:\/\/www.delikatessen-nussbaumer.at\/index.php?rest_route=%2Fwp%2Fv2%2Fproduct_cat&post=2314"},{"taxonomy":"product_tag","embeddable":true,"href":"https:\/\/www.delikatessen-nussbaumer.at\/index.php?rest_route=%2Fwp%2Fv2%2Fproduct_tag&post=2314"}],"curies":[{"name":"wp","href":"https:\/\/api.w.org\/{rel}","templated":true}]}}