{"id":2307,"date":"2021-02-07T10:58:13","date_gmt":"2021-02-07T09:58:13","guid":{"rendered":"https:\/\/www.delikatessen-nussbaumer.at\/graz\/product\/armonia-di-tartufo-bianco-con-tartufo-essiccato\/"},"modified":"2024-01-13T17:35:06","modified_gmt":"2024-01-13T16:35:06","slug":"armonia-di-tartufo-bianco-con-tartufo-essiccato","status":"publish","type":"product","link":"https:\/\/www.delikatessen-nussbaumer.at\/?product=armonia-di-tartufo-bianco-con-tartufo-essiccato&lang=de","title":{"rendered":"Sacchi Tartufi &#8211; Tr\u00fcffel \u00d6l 50ml"},"content":{"rendered":"<p><strong>N\u00e4hrwerte:<\/strong><\/p>\n<p><strong>Zutaten:<\/strong><\/p>\n<p>Oliven \u00d6l<br \/>\nTr\u00fcffel<\/p>\n","protected":false},"excerpt":{"rendered":"<p>Ausgezeichnetes \u00d6l mit Tr\u00fcffeln.<\/p>\n","protected":false},"featured_media":4010,"comment_status":"open","ping_status":"closed","template":"","meta":[],"product_brand":[],"product_cat":[91,156],"product_tag":[],"class_list":{"0":"post-2307","1":"product","2":"type-product","3":"status-publish","4":"has-post-thumbnail","6":"product_cat-oil-essig","7":"product_cat-trueffel-produkte","9":"first","10":"outofstock","11":"taxable","12":"shipping-taxable","13":"purchasable","14":"product-type-simple"},"_links":{"self":[{"href":"https:\/\/www.delikatessen-nussbaumer.at\/index.php?rest_route=\/wp\/v2\/product\/2307","targetHints":{"allow":["GET"]}}],"collection":[{"href":"https:\/\/www.delikatessen-nussbaumer.at\/index.php?rest_route=\/wp\/v2\/product"}],"about":[{"href":"https:\/\/www.delikatessen-nussbaumer.at\/index.php?rest_route=\/wp\/v2\/types\/product"}],"replies":[{"embeddable":true,"href":"https:\/\/www.delikatessen-nussbaumer.at\/index.php?rest_route=%2Fwp%2Fv2%2Fcomments&post=2307"}],"version-history":[{"count":5,"href":"https:\/\/www.delikatessen-nussbaumer.at\/index.php?rest_route=\/wp\/v2\/product\/2307\/revisions"}],"predecessor-version":[{"id":4917,"href":"https:\/\/www.delikatessen-nussbaumer.at\/index.php?rest_route=\/wp\/v2\/product\/2307\/revisions\/4917"}],"wp:featuredmedia":[{"embeddable":true,"href":"https:\/\/www.delikatessen-nussbaumer.at\/index.php?rest_route=\/wp\/v2\/media\/4010"}],"wp:attachment":[{"href":"https:\/\/www.delikatessen-nussbaumer.at\/index.php?rest_route=%2Fwp%2Fv2%2Fmedia&parent=2307"}],"wp:term":[{"taxonomy":"product_brand","embeddable":true,"href":"https:\/\/www.delikatessen-nussbaumer.at\/index.php?rest_route=%2Fwp%2Fv2%2Fproduct_brand&post=2307"},{"taxonomy":"product_cat","embeddable":true,"href":"https:\/\/www.delikatessen-nussbaumer.at\/index.php?rest_route=%2Fwp%2Fv2%2Fproduct_cat&post=2307"},{"taxonomy":"product_tag","embeddable":true,"href":"https:\/\/www.delikatessen-nussbaumer.at\/index.php?rest_route=%2Fwp%2Fv2%2Fproduct_tag&post=2307"}],"curies":[{"name":"wp","href":"https:\/\/api.w.org\/{rel}","templated":true}]}}