{"id":129,"date":"2016-08-11T16:59:59","date_gmt":"2016-08-11T14:59:59","guid":{"rendered":"http:\/\/Unsere%20ProdukteUnser%20Ziel%20ist%20es,%20unseren%20Kunden%20ein%20sorgf\u00e4ltig%20ausgew\u00e4hltes%20Sortiment%20hochwertigster%20Delikatessen%20zu%20bieten,%20die%20sie%20so%20im%20Supermarkt%20nicht%20kaufen%20k\u00f6nnen.%20Wir%20beziehen%20unsere%20P"},"modified":"2024-03-07T14:08:59","modified_gmt":"2024-03-07T13:08:59","slug":"unsere-produkte","status":"publish","type":"page","link":"https:\/\/www.delikatessen-nussbaumer.at\/?page_id=129&lang=de","title":{"rendered":"Unsere Produkte"},"content":{"rendered":"<div id=\"pl-129\"  class=\"panel-layout\" ><div id=\"pg-129-0\"  class=\"panel-grid panel-has-style\" ><div style=\"padding: 40px 0; \" data-overlay=\"true\" class=\"panel-row-style panel-row-style-for-129-0\" ><div id=\"pgc-129-0-0\"  class=\"panel-grid-cell\" ><div id=\"panel-129-0-0-0\" class=\"so-panel widget widget_black-studio-tinymce widget_black_studio_tinymce panel-first-child panel-last-child\" data-index=\"0\" ><h3 class=\"widget-title\">Unsere Produkte<\/h3><div class=\"textwidget\"><p style=\"text-align: justify;\">Unser Ziel ist es, unseren Kunden ein sorgf\u00e4ltig ausgew\u00e4hltes Sortiment hochwertigster Delikatessen zu bieten, die sie so im Supermarkt nicht kaufen k\u00f6nnen. Wir beziehen unsere Produkte von kleinen Produzenten und Familienunternehmen, die noch auf traditionelle Art herstellen und dadurch h\u00f6chste Qualit\u00e4t liefern k\u00f6nnen.<\/p><\/div><\/div><\/div><\/div><\/div><div id=\"pg-129-1\"  class=\"panel-grid panel-has-style\" ><div style=\"padding: 40px 0; \" data-overlay=\"true\" class=\"panel-row-style panel-row-style-for-129-1\" ><div id=\"pgc-129-1-0\"  class=\"panel-grid-cell\" ><div id=\"panel-129-1-0-0\" class=\"so-panel widget widget_black-studio-tinymce widget_black_studio_tinymce panel-first-child\" data-index=\"1\" ><h3 class=\"widget-title\">Unser K\u00e4sesortiment<\/h3><div class=\"textwidget\"><p style=\"text-align: justify;\">Wir f\u00fchren \u00fcber 140 Sorten Hart- und Weichk\u00e4se. Neben heimischen Sorten finden Sie bei uns ua K\u00e4se aus der Schweiz, Frankreich, Italien, Spanien, Holland, aber auch England, Norwegen, Kroatien, Griechenland und Deutschland. Viele unserer K\u00e4se werden nach traditionellen Methoden hergestellt und unterscheiden sich daher von den Massenprodukten. Dies garantiert beste Qualit\u00e4t zu bestm\u00f6glichem Preis.<\/p><\/div><\/div><div id=\"panel-129-1-0-1\" class=\"so-panel widget widget_sow-image panel-last-child\" data-index=\"2\" ><div\n\t\t\t\n\t\t\tclass=\"so-widget-sow-image so-widget-sow-image-default-8b5b6f678277-129\"\n\t\t\t\n\t\t>\n<div class=\"sow-image-container\">\n\t\t<img fetchpriority=\"high\" decoding=\"async\" src=\"https:\/\/www.delikatessen-nussbaumer.at\/wp-content\/uploads\/2016\/11\/kaesesortiment.jpg\" width=\"1400\" height=\"934\" srcset=\"https:\/\/www.delikatessen-nussbaumer.at\/wp-content\/uploads\/2016\/11\/kaesesortiment.jpg 1400w, https:\/\/www.delikatessen-nussbaumer.at\/wp-content\/uploads\/2016\/11\/kaesesortiment-800x534.jpg 800w, https:\/\/www.delikatessen-nussbaumer.at\/wp-content\/uploads\/2016\/11\/kaesesortiment-300x200.jpg 300w, https:\/\/www.delikatessen-nussbaumer.at\/wp-content\/uploads\/2016\/11\/kaesesortiment-768x512.jpg 768w, https:\/\/www.delikatessen-nussbaumer.at\/wp-content\/uploads\/2016\/11\/kaesesortiment-1024x683.jpg 1024w, https:\/\/www.delikatessen-nussbaumer.at\/wp-content\/uploads\/2016\/11\/kaesesortiment-830x554.jpg 830w, https:\/\/www.delikatessen-nussbaumer.at\/wp-content\/uploads\/2016\/11\/kaesesortiment-230x153.jpg 230w, https:\/\/www.delikatessen-nussbaumer.at\/wp-content\/uploads\/2016\/11\/kaesesortiment-350x234.jpg 350w, https:\/\/www.delikatessen-nussbaumer.at\/wp-content\/uploads\/2016\/11\/kaesesortiment-480x320.jpg 480w, https:\/\/www.delikatessen-nussbaumer.at\/wp-content\/uploads\/2016\/11\/kaesesortiment-272x182.jpg 272w\" sizes=\"(max-width: 1400px) 100vw, 1400px\" alt=\"\" \t\tclass=\"so-widget-image\"\/>\n\t<\/div>\n\n<\/div><\/div><\/div><\/div><\/div><div id=\"pg-129-2\"  class=\"panel-grid panel-has-style\" ><div style=\"padding: 40px 0; \" data-overlay=\"true\" class=\"panel-row-style panel-row-style-for-129-2\" ><div id=\"pgc-129-2-0\"  class=\"panel-grid-cell\" ><div id=\"panel-129-2-0-0\" class=\"so-panel widget widget_black-studio-tinymce widget_black_studio_tinymce panel-first-child\" data-index=\"3\" ><h3 class=\"widget-title\">Unsere Wurst- und Schinkenspezialit\u00e4ten<\/h3><div class=\"textwidget\"><p>Unser umfangreiches Sortiment an ausgew\u00e4hlten Wurst- und Schinkenspezialit\u00e4ten, Salamis, Pasteten, Roastbeef und Wurst kommt ua aus \u00d6sterreich, Italien und Spanien. Viele sind aus nat\u00fcrlichen Zutaten und ohne Konservierungsmittel hergestellt.\u00a0<\/p><\/div><\/div><div id=\"panel-129-2-0-1\" class=\"so-panel widget widget_sow-image panel-last-child\" data-index=\"4\" ><div\n\t\t\t\n\t\t\tclass=\"so-widget-sow-image so-widget-sow-image-default-8b5b6f678277-129\"\n\t\t\t\n\t\t>\n<div class=\"sow-image-container\">\n\t\t<img decoding=\"async\" src=\"https:\/\/www.delikatessen-nussbaumer.at\/wp-content\/uploads\/2016\/11\/wurst_schinken.jpg\" width=\"1400\" height=\"934\" srcset=\"https:\/\/www.delikatessen-nussbaumer.at\/wp-content\/uploads\/2016\/11\/wurst_schinken.jpg 1400w, https:\/\/www.delikatessen-nussbaumer.at\/wp-content\/uploads\/2016\/11\/wurst_schinken-800x534.jpg 800w, https:\/\/www.delikatessen-nussbaumer.at\/wp-content\/uploads\/2016\/11\/wurst_schinken-300x200.jpg 300w, https:\/\/www.delikatessen-nussbaumer.at\/wp-content\/uploads\/2016\/11\/wurst_schinken-768x512.jpg 768w, https:\/\/www.delikatessen-nussbaumer.at\/wp-content\/uploads\/2016\/11\/wurst_schinken-1024x683.jpg 1024w, https:\/\/www.delikatessen-nussbaumer.at\/wp-content\/uploads\/2016\/11\/wurst_schinken-830x554.jpg 830w, https:\/\/www.delikatessen-nussbaumer.at\/wp-content\/uploads\/2016\/11\/wurst_schinken-230x153.jpg 230w, https:\/\/www.delikatessen-nussbaumer.at\/wp-content\/uploads\/2016\/11\/wurst_schinken-350x234.jpg 350w, https:\/\/www.delikatessen-nussbaumer.at\/wp-content\/uploads\/2016\/11\/wurst_schinken-480x320.jpg 480w, https:\/\/www.delikatessen-nussbaumer.at\/wp-content\/uploads\/2016\/11\/wurst_schinken-272x182.jpg 272w\" sizes=\"(max-width: 1400px) 100vw, 1400px\" alt=\"\" \t\tclass=\"so-widget-image\"\/>\n\t<\/div>\n\n<\/div><\/div><\/div><\/div><\/div><div id=\"pg-129-3\"  class=\"panel-grid panel-has-style\" ><div style=\"padding: 40px 0; \" data-overlay=\"true\" class=\"panel-row-style panel-row-style-for-129-3\" ><div id=\"pgc-129-3-0\"  class=\"panel-grid-cell\" ><div id=\"panel-129-3-0-0\" class=\"so-panel widget widget_black-studio-tinymce widget_black_studio_tinymce panel-first-child\" data-index=\"5\" ><h3 class=\"widget-title\">Unsere Weine<\/h3><div class=\"textwidget\"><p>Unser Weinsortiment reicht von trockenen, wei\u00dfen Weinen \u00fcber kr\u00e4ftige Rotweine von heimischen und internationalen Produzenten aus Italien, Spanien, Frankreich und Deutschland bis hin zu den\u00a0 \u201eNeue Welt\u201c Weinen z.B aus Argentinien, Australien oder Neuseeland, die typischerweise fruchtiger und s\u00e4ure\u00e4rmer sind.\u00a0<\/p><\/div><\/div><div id=\"panel-129-3-0-1\" class=\"so-panel widget widget_sow-image panel-last-child\" data-index=\"6\" ><div\n\t\t\t\n\t\t\tclass=\"so-widget-sow-image so-widget-sow-image-default-8b5b6f678277-129\"\n\t\t\t\n\t\t>\n<div class=\"sow-image-container\">\n\t\t<img decoding=\"async\" src=\"https:\/\/www.delikatessen-nussbaumer.at\/wp-content\/uploads\/2016\/11\/weine.jpg\" width=\"1400\" height=\"934\" srcset=\"https:\/\/www.delikatessen-nussbaumer.at\/wp-content\/uploads\/2016\/11\/weine.jpg 1400w, https:\/\/www.delikatessen-nussbaumer.at\/wp-content\/uploads\/2016\/11\/weine-800x534.jpg 800w, https:\/\/www.delikatessen-nussbaumer.at\/wp-content\/uploads\/2016\/11\/weine-300x200.jpg 300w, https:\/\/www.delikatessen-nussbaumer.at\/wp-content\/uploads\/2016\/11\/weine-768x512.jpg 768w, https:\/\/www.delikatessen-nussbaumer.at\/wp-content\/uploads\/2016\/11\/weine-1024x683.jpg 1024w, https:\/\/www.delikatessen-nussbaumer.at\/wp-content\/uploads\/2016\/11\/weine-830x554.jpg 830w, https:\/\/www.delikatessen-nussbaumer.at\/wp-content\/uploads\/2016\/11\/weine-230x153.jpg 230w, https:\/\/www.delikatessen-nussbaumer.at\/wp-content\/uploads\/2016\/11\/weine-350x234.jpg 350w, https:\/\/www.delikatessen-nussbaumer.at\/wp-content\/uploads\/2016\/11\/weine-480x320.jpg 480w, https:\/\/www.delikatessen-nussbaumer.at\/wp-content\/uploads\/2016\/11\/weine-272x182.jpg 272w\" sizes=\"(max-width: 1400px) 100vw, 1400px\" alt=\"\" \t\tclass=\"so-widget-image\"\/>\n\t<\/div>\n\n<\/div><\/div><\/div><\/div><\/div><div id=\"pg-129-4\"  class=\"panel-grid panel-has-style\" ><div style=\"padding: 40px 0; \" data-overlay=\"true\" class=\"panel-row-style panel-row-style-for-129-4\" ><div id=\"pgc-129-4-0\"  class=\"panel-grid-cell\" ><div id=\"panel-129-4-0-0\" class=\"so-panel widget widget_black-studio-tinymce widget_black_studio_tinymce panel-first-child\" data-index=\"7\" ><h3 class=\"widget-title\">Unsere Schaumweine<\/h3><div class=\"textwidget\"><p style=\"text-align: justify;\">Wir f\u00fchren Schaumweine f\u00fcr jedes Budget: Champagner (Ros\u00e9 und Brut), Cr\u00e9mant de Loire (wei\u00df oder ros\u00e9), der nach der klassischen Champagnermethode (<em>m\u00e9thode champenoise<\/em>) hergestellt wird, und bei uns auch glasweise sehr beliebt ist. F\u00fcr Liebhaber heimischer Schaumweine f\u00fchren wir auch Velseccho, der ebenfalls nach der traditionellen Methode hergestellt wird.<\/p><\/div><\/div><div id=\"panel-129-4-0-1\" class=\"so-panel widget widget_sow-image panel-last-child\" data-index=\"8\" ><div\n\t\t\t\n\t\t\tclass=\"so-widget-sow-image so-widget-sow-image-default-8b5b6f678277-129\"\n\t\t\t\n\t\t>\n<div class=\"sow-image-container\">\n\t\t<img loading=\"lazy\" decoding=\"async\" src=\"https:\/\/www.delikatessen-nussbaumer.at\/wp-content\/uploads\/2016\/11\/schaumweine.jpg\" width=\"1400\" height=\"934\" srcset=\"https:\/\/www.delikatessen-nussbaumer.at\/wp-content\/uploads\/2016\/11\/schaumweine.jpg 1400w, https:\/\/www.delikatessen-nussbaumer.at\/wp-content\/uploads\/2016\/11\/schaumweine-800x534.jpg 800w, https:\/\/www.delikatessen-nussbaumer.at\/wp-content\/uploads\/2016\/11\/schaumweine-300x200.jpg 300w, https:\/\/www.delikatessen-nussbaumer.at\/wp-content\/uploads\/2016\/11\/schaumweine-768x512.jpg 768w, https:\/\/www.delikatessen-nussbaumer.at\/wp-content\/uploads\/2016\/11\/schaumweine-1024x683.jpg 1024w, https:\/\/www.delikatessen-nussbaumer.at\/wp-content\/uploads\/2016\/11\/schaumweine-830x554.jpg 830w, https:\/\/www.delikatessen-nussbaumer.at\/wp-content\/uploads\/2016\/11\/schaumweine-230x153.jpg 230w, https:\/\/www.delikatessen-nussbaumer.at\/wp-content\/uploads\/2016\/11\/schaumweine-350x234.jpg 350w, https:\/\/www.delikatessen-nussbaumer.at\/wp-content\/uploads\/2016\/11\/schaumweine-480x320.jpg 480w, https:\/\/www.delikatessen-nussbaumer.at\/wp-content\/uploads\/2016\/11\/schaumweine-272x182.jpg 272w\" sizes=\"(max-width: 1400px) 100vw, 1400px\" alt=\"\" \t\tclass=\"so-widget-image\"\/>\n\t<\/div>\n\n<\/div><\/div><\/div><\/div><\/div><div id=\"pg-129-5\"  class=\"panel-grid panel-has-style\" ><div style=\"padding: 40px 0; \" data-overlay=\"true\" class=\"panel-row-style panel-row-style-for-129-5\" ><div id=\"pgc-129-5-0\"  class=\"panel-grid-cell\" ><div id=\"panel-129-5-0-0\" class=\"so-panel widget widget_black-studio-tinymce widget_black_studio_tinymce panel-first-child\" data-index=\"9\" ><h3 class=\"widget-title\">Unsere Spirituosen<\/h3><div class=\"textwidget\"><p style=\"text-align: justify;\">Wir bieten eines der umfangreichsten Angebote an Boutique Gins in Graz sowie gereiften Rum, ausgezeichnete Scotch und Malt Whiskeys, VSOP Cognacs, 20 Jahre alten Calvados und eine Auswahl an Premium-Spirituosen.<\/p><\/div><\/div><div id=\"panel-129-5-0-1\" class=\"so-panel widget widget_sow-image panel-last-child\" data-index=\"10\" ><div\n\t\t\t\n\t\t\tclass=\"so-widget-sow-image so-widget-sow-image-default-8b5b6f678277-129\"\n\t\t\t\n\t\t>\n<div class=\"sow-image-container\">\n\t\t<img loading=\"lazy\" decoding=\"async\" src=\"https:\/\/www.delikatessen-nussbaumer.at\/wp-content\/uploads\/2016\/11\/spirituosen.jpg\" width=\"1400\" height=\"934\" srcset=\"https:\/\/www.delikatessen-nussbaumer.at\/wp-content\/uploads\/2016\/11\/spirituosen.jpg 1400w, https:\/\/www.delikatessen-nussbaumer.at\/wp-content\/uploads\/2016\/11\/spirituosen-800x534.jpg 800w, https:\/\/www.delikatessen-nussbaumer.at\/wp-content\/uploads\/2016\/11\/spirituosen-300x200.jpg 300w, https:\/\/www.delikatessen-nussbaumer.at\/wp-content\/uploads\/2016\/11\/spirituosen-768x512.jpg 768w, https:\/\/www.delikatessen-nussbaumer.at\/wp-content\/uploads\/2016\/11\/spirituosen-1024x683.jpg 1024w, https:\/\/www.delikatessen-nussbaumer.at\/wp-content\/uploads\/2016\/11\/spirituosen-830x554.jpg 830w, https:\/\/www.delikatessen-nussbaumer.at\/wp-content\/uploads\/2016\/11\/spirituosen-230x153.jpg 230w, https:\/\/www.delikatessen-nussbaumer.at\/wp-content\/uploads\/2016\/11\/spirituosen-350x234.jpg 350w, https:\/\/www.delikatessen-nussbaumer.at\/wp-content\/uploads\/2016\/11\/spirituosen-480x320.jpg 480w, https:\/\/www.delikatessen-nussbaumer.at\/wp-content\/uploads\/2016\/11\/spirituosen-272x182.jpg 272w\" sizes=\"(max-width: 1400px) 100vw, 1400px\" alt=\"\" \t\tclass=\"so-widget-image\"\/>\n\t<\/div>\n\n<\/div><\/div><\/div><\/div><\/div><div id=\"pg-129-6\"  class=\"panel-grid panel-has-style\" ><div style=\"padding: 40px 0; \" data-overlay=\"true\" class=\"panel-row-style panel-row-style-for-129-6\" ><div id=\"pgc-129-6-0\"  class=\"panel-grid-cell\" ><div id=\"panel-129-6-0-0\" class=\"so-panel widget widget_black-studio-tinymce widget_black_studio_tinymce panel-first-child\" data-index=\"11\" ><h3 class=\"widget-title\">Unsere Spezialit\u00e4ten<\/h3><div class=\"textwidget\"><p style=\"text-align: justify;\">K\u00f6stliche frische Pestos und Bio-Pasta aus Italien, ausgezeichnete Orangen-Marmelade aus England, wunderbare Wein-Gelees, eine gro\u00dfe Auswahl franz\u00f6sischer Senfsorten, frische Tr\u00fcffel und getr\u00fcffelte Spezialit\u00e4ten aus Italien oder Spanien, , Terrinen im Glas, Rillettes, eine reiche Auswahl an Oliven sind nur einige der K\u00f6stlichkeiten, die Sie in unserem Gesch\u00e4ft finden k\u00f6nnen. Wer eine Vorliebe f\u00fcr S\u00fc\u00dfes hat, kann aus einer F\u00fclle von Biscotti, Amaretti, Cantucci bis zu Lebkuchen ausw\u00e4hlen.<\/p><\/div><\/div><div id=\"panel-129-6-0-1\" class=\"so-panel widget widget_sow-image panel-last-child\" data-index=\"12\" ><div\n\t\t\t\n\t\t\tclass=\"so-widget-sow-image so-widget-sow-image-default-8b5b6f678277-129\"\n\t\t\t\n\t\t>\n<div class=\"sow-image-container\">\n\t\t<img loading=\"lazy\" decoding=\"async\" src=\"https:\/\/www.delikatessen-nussbaumer.at\/wp-content\/uploads\/2016\/11\/spezialitaeten.jpg\" width=\"1400\" height=\"934\" srcset=\"https:\/\/www.delikatessen-nussbaumer.at\/wp-content\/uploads\/2016\/11\/spezialitaeten.jpg 1400w, https:\/\/www.delikatessen-nussbaumer.at\/wp-content\/uploads\/2016\/11\/spezialitaeten-800x534.jpg 800w, https:\/\/www.delikatessen-nussbaumer.at\/wp-content\/uploads\/2016\/11\/spezialitaeten-300x200.jpg 300w, https:\/\/www.delikatessen-nussbaumer.at\/wp-content\/uploads\/2016\/11\/spezialitaeten-768x512.jpg 768w, https:\/\/www.delikatessen-nussbaumer.at\/wp-content\/uploads\/2016\/11\/spezialitaeten-1024x683.jpg 1024w, https:\/\/www.delikatessen-nussbaumer.at\/wp-content\/uploads\/2016\/11\/spezialitaeten-830x554.jpg 830w, https:\/\/www.delikatessen-nussbaumer.at\/wp-content\/uploads\/2016\/11\/spezialitaeten-230x153.jpg 230w, https:\/\/www.delikatessen-nussbaumer.at\/wp-content\/uploads\/2016\/11\/spezialitaeten-350x234.jpg 350w, https:\/\/www.delikatessen-nussbaumer.at\/wp-content\/uploads\/2016\/11\/spezialitaeten-480x320.jpg 480w, https:\/\/www.delikatessen-nussbaumer.at\/wp-content\/uploads\/2016\/11\/spezialitaeten-272x182.jpg 272w\" sizes=\"(max-width: 1400px) 100vw, 1400px\" alt=\"\" \t\tclass=\"so-widget-image\"\/>\n\t<\/div>\n\n<\/div><\/div><\/div><\/div><\/div><\/div>","protected":false},"excerpt":{"rendered":"<p>Unser Ziel ist es, unseren Kunden ein sorgf\u00e4ltig ausgew\u00e4hltes Sortiment hochwertigster Delikatessen zu bieten, die sie so im Supermarkt nicht kaufen k\u00f6nnen. [&hellip;]<\/p>\n","protected":false},"author":3,"featured_media":0,"parent":0,"menu_order":0,"comment_status":"closed","ping_status":"closed","template":"page-templates\/page_front-page.php","meta":{"footnotes":""},"class_list":["post-129","page","type-page","status-publish","hentry"],"_links":{"self":[{"href":"https:\/\/www.delikatessen-nussbaumer.at\/index.php?rest_route=\/wp\/v2\/pages\/129","targetHints":{"allow":["GET"]}}],"collection":[{"href":"https:\/\/www.delikatessen-nussbaumer.at\/index.php?rest_route=\/wp\/v2\/pages"}],"about":[{"href":"https:\/\/www.delikatessen-nussbaumer.at\/index.php?rest_route=\/wp\/v2\/types\/page"}],"author":[{"embeddable":true,"href":"https:\/\/www.delikatessen-nussbaumer.at\/index.php?rest_route=\/wp\/v2\/users\/3"}],"replies":[{"embeddable":true,"href":"https:\/\/www.delikatessen-nussbaumer.at\/index.php?rest_route=%2Fwp%2Fv2%2Fcomments&post=129"}],"version-history":[{"count":32,"href":"https:\/\/www.delikatessen-nussbaumer.at\/index.php?rest_route=\/wp\/v2\/pages\/129\/revisions"}],"predecessor-version":[{"id":5769,"href":"https:\/\/www.delikatessen-nussbaumer.at\/index.php?rest_route=\/wp\/v2\/pages\/129\/revisions\/5769"}],"wp:attachment":[{"href":"https:\/\/www.delikatessen-nussbaumer.at\/index.php?rest_route=%2Fwp%2Fv2%2Fmedia&parent=129"}],"curies":[{"name":"wp","href":"https:\/\/api.w.org\/{rel}","templated":true}]}}