{"id":1002,"date":"2018-08-13T20:12:54","date_gmt":"2018-08-13T18:12:54","guid":{"rendered":"https:\/\/www.delikatessen-nussbaumer.at\/graz\/?page_id=1002"},"modified":"2024-04-05T13:10:45","modified_gmt":"2024-04-05T11:10:45","slug":"data-protection","status":"publish","type":"page","link":"https:\/\/www.delikatessen-nussbaumer.at\/?page_id=1002&lang=en","title":{"rendered":"Data protection"},"content":{"rendered":"<div id=\"pl-1002\"  class=\"panel-layout\" ><div id=\"pg-1002-0\"  class=\"panel-grid panel-has-style\" ><div class=\"siteorigin-panels-stretch panel-row-style panel-row-style-for-1002-0\" style=\"padding: 40px 0; \" data-stretch-type=\"full\" data-overlay=\"true\" ><div id=\"pgc-1002-0-0\"  class=\"panel-grid-cell\" ><div id=\"panel-1002-0-0-0\" class=\"so-panel widget widget_black-studio-tinymce widget_black_studio_tinymce panel-first-child panel-last-child\" data-index=\"0\" ><div style=\"text-align: left;\" data-title-color=\"#47425d\" data-headings-color=\"#443f3f\" data-title_alignment=\"center\" class=\"panel-widget-style panel-widget-style-for-1002-0-0-0\" ><h3 class=\"widget-title\">Data protection<\/h3><div class=\"textwidget\"><p><strong><span id=\"result_box\" class=\"short_text\" lang=\"en\"><span class=\"\">Data protection<\/span><\/span><\/strong><\/p>\n<p><span id=\"result_box\" class=\"\" lang=\"en\">This Privacy Policy clarifies the nature, scope and purpose of the processing of personal data (hereinafter referred to as \"Data\") within our online offering and the related websites, features and content, as well as external online presence, e.g. our Social Media Profile (collectively referred to as the \"Online Offering\"). <span class=\"\">With regard to the terminology used, e.g.<\/span> <span class=\"\">\"Processing\" or \"Responsible\", we refer to the definitions in Article 4 of the General Data Protection Regulation (GDPR).<\/span><\/span><\/p>\n<p><strong><span id=\"result_box\" class=\"short_text\" lang=\"en\"><span class=\"\">Responsible<\/span><\/span><\/strong><\/p>\n<p>Delikatessen Nussbaumer<br \/>\n8010 Graz, Paradeisgasse 1<br \/>\n<strong>Tel:<\/strong>\u00a0+43 316 \/ 82 91 62<br \/>\n<strong>Fax:<\/strong>\u00a0+43 316 \/ 82 91 62<\/p>\n<p>E-Mail: <a href=\"mailto:admin@delikatessen-nussbaumer.at\">admin@delikatessen-nussbaumer.at<\/a><br \/>\n<span id=\"result_box\" class=\"short_text\" lang=\"en\"><span class=\"\">Owner<\/span><\/span>: Anton Tropper, Msc.<\/p>\n<p>&nbsp;<\/p>\n<p><strong><span id=\"result_box\" class=\"\" lang=\"en\"><span class=\"\">Collaboration with processors and third parties<\/span><\/span><\/strong><\/p>\n<p><span id=\"result_box\" class=\"\" lang=\"en\"><span class=\"\">If, in the context of our processing, we disclose data to other persons and companies (contract processors or third parties), transmit them to them or otherwise grant access to the data, this will only be done on the basis of a legal permission (eg if a transmission of the data to third parties,<\/span> <span class=\"\">as required by payment service providers, pursuant to Art. 6 (1) (b) GDPR to fulfill the contract), you have consented to a legal obligation or based on our legitimate interests (eg the use of agents, webhosters, etc.).<\/span><\/span><\/p>\n<p><span class=\"\">If we commission third parties to process data on the basis of a so-called \"contract processing contract\", this is done on the basis of Art. 28 GDPR.<\/span><\/p>\n<p>&nbsp;<\/p>\n<p><strong><span id=\"result_box\" class=\"short_text\" lang=\"en\"><span class=\"\">Comments and posts<\/span><\/span><\/strong><\/p>\n<p><span id=\"result_box\" class=\"\" lang=\"en\"><span title=\"Wenn Nutzer Kommentare oder sonstige Beitr\u00e4ge hinterlassen, k\u00f6nnen ihre IP-Adressen auf Grundlage unserer berechtigten Interessen im Sinne des Art. 6 Abs. 1 lit.\">If users leave comments or other contributions, their IP addresses may be based on our legitimate interests within the meaning of Art. 6 para. 1 lit. <\/span><span title=\"f.\">f. <\/span><span title=\"DSGVO f\u00fcr 7 Tage gespeichert werden.\">DSGVO be stored for 7 days. <\/span><span title=\"Das erfolgt zu unserer Sicherheit, falls jemand in Kommentaren und Beitr\u00e4gen widerrechtliche Inhalte hinterl\u00e4sst (Beleidigungen, verbotene politische Propaganda, etc.).\">This is for our own safety, if someone leaves illegal content in comments and contributions (insults, prohibited political propaganda, etc.). <\/span><span title=\"In diesem Fall k\u00f6nnen wir selbst f\u00fcr den Kommentar oder Beitrag belangt werden und sind daher an der Identit\u00e4t des Verfassers interessiert. \">In this case, we ourselves can be prosecuted for the comment or post and are therefore interested in the identity of the author.<\/span><\/span><\/p>\n<p><span title=\"Des Weiteren behalten wir uns vor, auf Grundlage unserer berechtigten Interessen gem.\">Furthermore, we reserve the right, in accordance with our legitimate interests. <\/span><span title=\"Art. 6 Abs. 1 lit.\">Art. 6 para. 1 lit. <\/span><span title=\"f.\">f. <\/span><span title=\"DSGVO, die Angaben der Nutzer zwecks Spamerkennung zu verarbeiten. \">DSGVO to process the information of users for the purpose of spam detection.<\/span><\/p>\n<p><span title=\"Auf derselben Rechtsgrundlage behalten wir uns vor, im Fall von Umfragen die IP-Adressen der Nutzer f\u00fcr deren Dauer zu speichern und Cookis zu verwenden, um Mehrfachabstimmungen zu vermeiden. \">On the same legal basis, we reserve the right, in the case of surveys, to store users' IP addresses for their duration and to use Cookis to avoid multiple reconciliations.<\/span><\/p>\n<p><span title=\"Die im Rahmen der Kommentare und Beitr\u00e4ge angegebenen Daten, werden von uns bis zum Widerspruch der Nutzer dauerhaft gespeichert.\">The data provided in the comments and contributions are stored by us permanently until the users object.<\/span><\/p>\n<p>&nbsp;<\/p>\n<p><strong><span id=\"result_box\" class=\"short_text\" lang=\"en\"><span class=\"\">Collection of access data and log files<\/span><\/span><\/strong><\/p>\n<p><span id=\"result_box\" class=\"\" lang=\"en\"><span class=\"\">We, or our hosting provider, collects on the basis of our legitimate interests within the meaning of Art. 6 para. 1 lit.<\/span> f. DSGVO Data on every access to the server on which this service is located (so-called server log files). <span class=\"\">The access data includes name of the retrieved web page, file, date and time of retrieval, amount of data transferred, message about successful retrieval, browser type and version, the user's operating system, referrer URL (the previously visited page), IP address and the requesting provider<\/span> ,<\/span><\/p>\n<p><span class=\"\">Logfile information is stored for security purposes (for example, to investigate abusive or fraudulent activities) for a maximum of 7 days and then deleted.<\/span> <span class=\"\">Data whose further retention is required for evidential purposes shall be exempted from the cancellation until final clarification of the incident.<\/span><\/p>\n<p>&nbsp;<\/p>\n<p><strong>Google Fonts<\/strong><\/p>\n<p><span id=\"result_box\" class=\"\" lang=\"en\"><span class=\"\">We incorporate the fonts (\"Google Fonts\") provided by Google LLC, 1600 Amphitheater Parkway, Mountain View, CA 94043, USA.<\/span> <span class=\"\">Data protection:<\/span><\/span> <a href=\"https:\/\/www.google.com\/policies\/privacy\/\">https:\/\/www.google.com\/policies\/privacy\/<\/a>, Opt-Out: <a href=\"https:\/\/adssettings.google.com\/authenticated\">https:\/\/adssettings.google.com\/authenticated<\/a>.<\/p>\n<p>&nbsp;<\/p>\n<p><strong>Google Maps<\/strong><\/p>\n<p><span id=\"result_box\" class=\"\" lang=\"en\"><span class=\"\">We include maps from the Google Maps service provided by Google LLC, 1600 Amphitheater Parkway, Mountain View, CA 94043, USA.<\/span> <span class=\"\">The processed data may include, in particular, users' IP addresses and location data, but these are not collected without their consent (usually as part of the settings of their mobile devices).<\/span> <span class=\"\">The data can be processed in the USA.<\/span> <span class=\"\">Data protection:<\/span><\/span> <a href=\"https:\/\/www.google.com\/policies\/privacy\/\">https:\/\/www.google.com\/policies\/privacy\/<\/a>, Opt-Out: <a href=\"https:\/\/adssettings.google.com\/authenticated\">https:\/\/adssettings.google.com\/authenticated<\/a>.<\/p>\n<p>&nbsp;<\/p>\n<p><strong>Facebook-Plugins (Like-Button)<\/strong><\/p>\n<p><span id=\"result_box\" class=\"\" lang=\"en\"><span title=\"Auf unseren Seiten sind Plugins des sozialen Netzwerks Facebook, 1601 South California Avenue, Palo Alto, CA 94304, USA integriert.\">On our pages plugins of the social network Facebook, 1601 South California Avenue, Palo Alto, CA 94304, USA are integrated. <\/span><span title=\"Die Facebook-Plugins erkennen Sie an dem Facebook-Logo oder dem \u201eLike-Button\u201c (\u201eGef\u00e4llt mir\u201c) auf unserer Seite.\">The Facebook plugins can be recognized by the Facebook logo or the \"Like-Button\" (\"Like\") on our site. <\/span><span title=\"Eine \u00dcbersicht \u00fcber die Facebook-Plugins finden Sie hier: http:\/\/developers.facebook.com\/docs\/plugins\/ Wenn Sie unsere Seiten besuchen, wird \u00fcber das Plugin eine direkte Verbindung zwischen Ihrem Browser und dem Facebook-Server hergestellt.\">An overview of the Facebook plugins can be found here: http:\/\/developers.facebook.com\/docs\/plugins\/ When you visit our pages, the plugin establishes a direct connection between your browser and the Facebook server. <\/span><span title=\"Facebook erh\u00e4lt dadurch die Information, dass Sie mit Ihrer IP-Adresse unsere Seite besucht haben.\">Facebook receives the information that you have visited our site with your IP address. <\/span><span title=\"Wenn Sie den Facebook \u201eLike-Button\u201c anklicken w\u00e4hrend Sie in Ihrem Facebook-Account eingeloggt sind, k\u00f6nnen Sie die Inhalte unserer Seiten auf Ihrem Facebook-Profil verlinken.\">If you click on the Facebook \"Like-Button\" while you are logged into your Facebook account, you can link the contents of our pages to your Facebook profile. <\/span><span title=\"Dadurch kann Facebook den Besuch unserer Seiten Ihrem Benutzerkonto zuordnen.\">As a result, Facebook can assign the visit to our pages to your user account. <\/span><span title=\"Wir weisen darauf hin, dass wir als Anbieter der Seiten keine Kenntnis vom Inhalt der \u00fcbermittelten Daten sowie deren Nutzung durch Facebook erhalten.\">We point out that we as the provider of the pages are not aware of the content of the data transmitted and their use by Facebook. <\/span><span title=\"Weitere Informationen hierzu finden Sie in der Datenschutzerkl\u00e4rung von facebook unter https:\/\/de-de.facebook.com\/policy.php \">Further information can be found in the privacy policy of facebook at https:\/\/de-de.facebook.com\/policy.php<\/span><\/span><\/p>\n<p><span title=\"Wenn Sie nicht w\u00fcnschen, dass Facebook den Besuch unserer Seiten Ihrem Facebook-Nutzerkonto zuordnen kann, loggen Sie sich bitte aus Ihrem Facebook-Benutzerkonto aus.\">If you do not wish Facebook to associate your visit to our pages with your Facebook user account, please log out of your Facebook user account.<\/span><\/p>\n<p>&nbsp;<\/p>\n<p><strong>Instagram<\/strong><\/p>\n<p><span id=\"result_box\" class=\"\" lang=\"en\"><span class=\"\">Within our online offering, features and content of the Instagram service offered by Instagram Inc., 1601 Willow Road, Menlo Park, CA, 94025, USA, may be incorporated.<\/span> For this, e.g. Content such as images, videos, or text and buttons that allow users to share content from this online offering within Instagram. If the users are members of the platform Instagram, Instagram can call the o.g. Assign contents and functions to the profiles of the users there. Privacy Statement of Instagram:<\/span> <a href=\"http:\/\/instagram.com\/about\/legal\/privacy\/\">http:\/\/instagram.com\/about\/legal\/privacy\/<\/a>.<\/p>\n<p>&nbsp;<\/p>\n<p><strong>Google+<\/strong><\/p>\n<p><span id=\"result_box\" class=\"\" lang=\"en\"><span title=\"Innerhalb unseres Onlineangebotes k\u00f6nnen Funktionen und Inhalte der Plattform Google+, angeboten durch die Google LLC, 1600 Amphitheatre Parkway, Mountain View, CA 94043, USA (\u201eGoogle\u201c), eingebunden werden.\">Within our online offering, features and content of the Google+ platform offered by Google LLC, 1600 Amphitheater Parkway, Mountain View, CA 94043, USA (\"Google\") may be incorporated. <\/span><span title=\"Hierzu k\u00f6nnen z.B.\">For this, e.g. <\/span><span title=\"Inhalte wie Bilder, Videos oder Texte und Schaltfl\u00e4chen geh\u00f6ren, mit denen Nutzer Inhalte dieses Onlineangebotes innerhalb von Twitter teilen k\u00f6nnen.\">Content such as images, videos, or text and buttons that allow users to share content from this online offering within Twitter. <\/span><span title=\"Sofern die Nutzer Mitglieder der Plattform Google+ sind, kann Google den Aufruf der o.g.\">If the users are members of the platform Google+, Google can call the o.g. <\/span><span title=\"Inhalte und Funktionen den dortigen Profilen der Nutzer zuordnen. \">Assign contents and functions to the profiles of the users there.<\/span><\/span><\/p>\n<p><span title=\"Google ist unter dem Privacy-Shield-Abkommen zertifiziert und bietet hierdurch eine Garantie, das europ\u00e4ische Datenschutzrecht einzuhalten (https:\/\/www.privacyshield.gov\/participant?id=a2zt000000001L5AAI&amp;status=Active).\">Google is certified under the Privacy Shield Agreement, which provides a guarantee to comply with European privacy legislation (https:\/\/www.privacyshield.gov\/participant?id=a2zt000000001L5AAI&amp;status=Active). <\/span><span title=\"Weitere Informationen zur Datennutzung durch Google, Einstellungs- und Widerspruchsm\u00f6glichkeiten, erfahren Sie in der Datenschutzerkl\u00e4rung von Google (https:\/\/policies.google.com\/technologies\/ads) sowie in den Einstellungen f\u00fcr die Darstellung von Werbeeinblendungen durch Google (https:\/\/\">For more information about Google's data usage, hiring and disparaging options, please read Google's Privacy Policy (https:\/\/policies.google.com\/technologies\/ads) and Google's Ads Ads Settings (https: \/\/ <\/span><span title=\"adssettings.google.com\/authenticated).\">adssettings.google.com\/authenticated).<\/span><\/p>\n<p>&nbsp;<\/p>\n<p><strong>Cookies<\/strong><\/p>\n<p><span id=\"result_box\" class=\"\" lang=\"en\"><span title=\"Um unseren Internetauftritt f\u00fcr Sie benutzerfreundlich zu gestalten und optimal auf Ihre Bed\u00fcrfnisse abzustimmen, setzen wir Cookies ein.\">In order to make our website user-friendly and to optimally match your needs, we use cookies. <\/span><span title=\"Cookies sind kleine Text-Dateien, die, sobald Sie eine Webseite besuchen, von einem Webserver an Ihren Browser gesendet und lokal auf Ihrem Endger\u00e4t (PC, Notebook, Tablet, Smartphone usw.) gespeichert werden. \">Cookies are small text files that, as soon as you visit a website, are sent from a web server to your browser and stored locally on your device (PC, notebook, tablet, smartphone, etc.).<\/span><\/span><\/p>\n<p><span title=\"Zahlreiche Webseiten und Server verwenden Cookies.\">Many websites and servers use cookies. <\/span><span title=\"Viele Cookies enthalten eine sogenannte Cookie-ID.\">Many cookies contain a so-called cookie ID. <\/span><span title=\"Eine Cookie-ID ist eine eindeutige Kennung des Cookies.\">A cookie ID is a unique identifier of the cookie. <\/span><span title=\"Sie besteht aus einer Zeichenfolge, durch welche Webseiten und Server dem konkreten Webbrowser zugeordnet werden k\u00f6nnen, in dem das Cookie gespeichert wurde.\">It consists of a string through which web pages and servers can be assigned to the specific web browser in which the cookie was stored. <\/span><span title=\"Dies erm\u00f6glicht es den besuchten Webseiten und Servern, den individuellen Browser der betroffenen Person von anderen Webbrowsern, die andere Cookies enthalten, zu unterscheiden.\">This allows the visited web pages and servers to distinguish the individual person's browser from other web browsers that contain other cookies. <\/span><span title=\"Ein bestimmter Webbrowser kann \u00fcber die eindeutige Cookie-ID wiedererkannt und identifiziert werden.\">A particular web browser can be recognized and identified by the unique cookie ID. <\/span><span title=\"Diese Informationen dienen dazu, wenn Sie die Webseite erneut mit demselben Endger\u00e4t besuchen, Sie automatisch wiederzuerkennen und Ihnen die Navigation zu erleichtern. \">This information is used if you visit the website again with the same device, automatically recognize you and make navigation easier for you.<\/span><\/p>\n<p><span title=\"Die Einwilligung oder Ablehnung von Cookies \u2013 auch f\u00fcr Webtracking \u2013 k\u00f6nnen Sie \u00fcber die Einstellungen Ihres Webbrowsers vornehmen.\">The consent or rejection of cookies - also for web tracking - can be done through the settings of your web browser. <\/span><span title=\"Sie k\u00f6nnen Ihren Browser so konfigurieren, dass die Annahme von Cookies prinzipiell verweigert wird oder Sie vorab informiert werden, wenn ein Cookie gespeichert werden soll.\">You can configure your browser to refuse the acceptance of cookies in principle or to inform you in advance if a cookie is to be stored. <\/span><span title=\"In diesem Falle kann aber die Funktionalit\u00e4t der Webseite beeintr\u00e4chtigt sein (zum Beispiel bei Bestellungen).\">In this case, however, the functionality of the website may be impaired (for example, in the case of orders). <\/span><span title=\"Ihr Browser bietet auch eine Funktion an, Cookies zu l\u00f6schen (zum Beispiel \u00fcber \u201eBrowserdaten l\u00f6schen\u201c).\">Your browser also offers a function to delete cookies (for example, \"delete browser data\"). <\/span><span title=\"Dies ist in allen g\u00e4ngigen Webbrowsern m\u00f6glich.\">This is possible in all common web browsers. <\/span><span title=\"Weitere Informationen hierzu k\u00f6nnen Sie in der Bedienungsanleitung oder auch in den Einstellungen Ihres Browsers finden.\">Further information can be found in the user manual or in the settings of your browser.<\/span><\/p>\n<p>&nbsp;<\/p>\n<p><strong>Contactform<\/strong><\/p>\n<p><span id=\"result_box\" class=\"\" lang=\"en\"><span class=\"\">If you send us inquiries via the contact form, your details from the inquiry form, including the contact details you provided there, will be stored in order to process the request and in case of follow-up questions.<\/span> This data will not be shared.<\/span><\/p>\n<p>&nbsp;<\/p>\n<p><strong><span id=\"result_box\" class=\"short_text\" lang=\"en\"><span class=\"\">Secure data transfer<\/span><\/span><\/strong><\/p>\n<p><span id=\"result_box\" class=\"\" lang=\"en\"><span class=\"\">Your personal data is securely transmitted by encryption.<\/span> Of course, this also applies to your inquiries. We use the coding system SSL (Secure Socket Layer). Furthermore, we secure our websites and other systems by technical and organizational measures against loss, destruction, access, modification or dissemination of your data by unauthorized persons.<\/span><\/p>\n<p>&nbsp;<\/p>\n<\/div><\/div><\/div><\/div><\/div><\/div><\/div>","protected":false},"excerpt":{"rendered":"<p>Data protection This Privacy Policy clarifies the nature, scope and purpose of the processing of personal data (hereinafter referred to as &#8222;Data&#8220;) [&hellip;]<\/p>\n","protected":false},"author":3,"featured_media":0,"parent":0,"menu_order":0,"comment_status":"closed","ping_status":"closed","template":"page-templates\/page_front-page.php","meta":{"footnotes":""},"class_list":["post-1002","page","type-page","status-publish","hentry"],"_links":{"self":[{"href":"https:\/\/www.delikatessen-nussbaumer.at\/index.php?rest_route=\/wp\/v2\/pages\/1002","targetHints":{"allow":["GET"]}}],"collection":[{"href":"https:\/\/www.delikatessen-nussbaumer.at\/index.php?rest_route=\/wp\/v2\/pages"}],"about":[{"href":"https:\/\/www.delikatessen-nussbaumer.at\/index.php?rest_route=\/wp\/v2\/types\/page"}],"author":[{"embeddable":true,"href":"https:\/\/www.delikatessen-nussbaumer.at\/index.php?rest_route=\/wp\/v2\/users\/3"}],"replies":[{"embeddable":true,"href":"https:\/\/www.delikatessen-nussbaumer.at\/index.php?rest_route=%2Fwp%2Fv2%2Fcomments&post=1002"}],"version-history":[{"count":5,"href":"https:\/\/www.delikatessen-nussbaumer.at\/index.php?rest_route=\/wp\/v2\/pages\/1002\/revisions"}],"predecessor-version":[{"id":5783,"href":"https:\/\/www.delikatessen-nussbaumer.at\/index.php?rest_route=\/wp\/v2\/pages\/1002\/revisions\/5783"}],"wp:attachment":[{"href":"https:\/\/www.delikatessen-nussbaumer.at\/index.php?rest_route=%2Fwp%2Fv2%2Fmedia&parent=1002"}],"curies":[{"name":"wp","href":"https:\/\/api.w.org\/{rel}","templated":true}]}}